{"id":43669,"date":"2022-09-07T04:42:51","date_gmt":"2022-09-07T08:42:51","guid":{"rendered":"https:\/\/www.quebec-elan.org\/?page_id=43669"},"modified":"2023-02-08T13:27:34","modified_gmt":"2023-02-08T18:27:34","slug":"search-results","status":"publish","type":"page","link":"https:\/\/www.quebec-elan.org\/en\/search-results\/","title":{"rendered":"Search Results"},"content":{"rendered":"\n<div class=\"wp-block-toolset-blocks-container tb-container\" data-toolset-blocks-container=\"ed3832aa6201cbec5b1e5b902dc067e2\">\n<h1 class=\"has-text-align-center wp-block-heading\" style=\"font-size:3rem\">Quebec Relations<\/h1>\n\n\n\n<div class=\"wp-block-toolset-blocks-grid tb-grid\" data-toolset-blocks-grid=\"00de830b352b3e3fd8c47b043887d061\">\n<div class=\"wp-block-toolset-blocks-grid-column tb-grid-column tb-grid-align-top\" data-toolset-blocks-grid-column=\"3034fbe886c11054e95b46b09d3e4112\">\n<figure class=\"wp-block-image tb-image tb-image-dynamic tb-image-frame-none\" data-toolset-blocks-image=\"aa903e0fe97af2dab4da75d61c1f53fa\"><img loading=\"lazy\" decoding=\"async\" width=\"400\" height=\"310\" loading=\"lazy\" src=\"https:\/\/www.quebec-elan.org\/wp-content\/uploads\/2022\/09\/logo-400.jpg\" alt=\"Quebec Relations Logo\" class=\"wp-image-44049\" srcset=\"https:\/\/www.quebec-elan.org\/wp-content\/uploads\/2022\/09\/logo-400.jpg 400w, https:\/\/www.quebec-elan.org\/wp-content\/uploads\/2022\/09\/logo-400-300x233.jpg 300w\" sizes=\"auto, (max-width: 400px) 100vw, 400px\" \/><\/figure>\n<\/div>\n\n\n\n<div class=\"wp-block-toolset-blocks-grid-column tb-grid-column tb-grid-align-top\" data-toolset-blocks-grid-column=\"3034fbe886c11054e95b46b09d3e4112\">\n<p class=\"has-medium-font-size\">This site presents translated summaries of information obtained from each funding body&#8217;s website. While we strive to ensure that all program information is as accurate and up-to-date as possible, we encourage users to consult each funder&#8217;s program documentation in full or to contact a program officer directly with any questions prior to submitting an application.<\/p>\n<\/div>\n<\/div>\n<\/div>\n\n\n\n<div class=\"wp-block-toolset-blocks-container tb-container\" data-toolset-blocks-container=\"ed3832aa6201cbec5b1e5b902dc067e2\">\n<h2 class=\"wp-block-heading\">Results for your search criteria:<\/h2>\n\n\n\n\t\t<div class=\"search-results\">\n\t\t\t<div class=\"programs\"><div class=\"program\">\n\t\t\t\t\t\t<div class=\"program-header\">\n\t\t\t\t\t\t\t<a href=\"https:\/\/www.quebec-elan.org\/en\/quebec-relations\/reception-of-works-from-outside-of-quebec\/\">\n\t\t\t\t\t\t\t\t<h3>Reception of Works from Outside of Quebec<\/h3>\n\t\t\t\t\t\t\t\t<p>Accueil d'\u0153uvres de l'ext\u00e9rieur du Qu\u00e9bec<\/p>\n\t\t\t\t\t\t\t<\/a>\n\t\t\t\t\t\t<\/div>\n\t\t\t\t\t\t<div class=\"program-content\">\n\t\t\t\t\t\t\t<div class=\"funder-info\">\n\t\t\t\t\t\t\t\t<div><b>Funder Name: <\/b>CALQ<\/div>\n\t\t\t\t\t\t\t\t<div><b>Deadline: <\/b>Rolling<\/div>\n\t\t\t\t\t\t\t\t<div style=\"width: 100%;\"><b>Funding Amount: <\/b>75%, no maximum<\/div>\n\t\t\t\t\t\t\t<\/div>\n\t\t\t\t\t\t\t<div class=\"program-short-desc\"><p>The goal of this program is to help organize activities that will promote literary works from outside Quebec, to be presented by writers, storytellers or specialists in the discipline.<\/p>\n<\/div>\n\t\t\t\t\t\t\t\t<a class=\"program-see-details\" href=\"https:\/\/www.quebec-elan.org\/en\/quebec-relations\/reception-of-works-from-outside-of-quebec\/\">See Details<\/a>\n\t\t\t\t\t\t\t<\/div>\n\t\t\t\t\t\t<\/div><div class=\"program\">\n\t\t\t\t\t\t<div class=\"program-header\">\n\t\t\t\t\t\t\t<a href=\"https:\/\/www.quebec-elan.org\/en\/quebec-relations\/inuit-and-first-nations-arts-microgrants\/\">\n\t\t\t\t\t\t\t\t<h3>Inuit and First Nations Arts &#8211; Microgrants<\/h3>\n\t\t\t\t\t\t\t\t<p>Arts autochtones - Microburse<\/p>\n\t\t\t\t\t\t\t<\/a>\n\t\t\t\t\t\t<\/div>\n\t\t\t\t\t\t<div class=\"program-content\">\n\t\t\t\t\t\t\t<div class=\"funder-info\">\n\t\t\t\t\t\t\t\t<div><b>Funder Name: <\/b>CALQ<\/div>\n\t\t\t\t\t\t\t\t<div><b>Deadline: <\/b>Rolling<\/div>\n\t\t\t\t\t\t\t\t<div style=\"width: 100%;\"><b>Funding Amount: <\/b>100%, up to $3,000<\/div>\n\t\t\t\t\t\t\t<\/div>\n\t\t\t\t\t\t\t<div class=\"program-short-desc\"><p>This program aims to support the Inuit and First Nations arts community in Qu\u00e9bec in its quest for reappropriation, reconstruction and development, contributing to the knowledge, recognition and promotion of Inuit and First Nations artists and the Inuit and First Nations arts.<\/p>\n<\/div>\n\t\t\t\t\t\t\t\t<a class=\"program-see-details\" href=\"https:\/\/www.quebec-elan.org\/en\/quebec-relations\/inuit-and-first-nations-arts-microgrants\/\">See Details<\/a>\n\t\t\t\t\t\t\t<\/div>\n\t\t\t\t\t\t<\/div><div class=\"program\">\n\t\t\t\t\t\t<div class=\"program-header\">\n\t\t\t\t\t\t\t<a href=\"https:\/\/www.quebec-elan.org\/en\/quebec-relations\/residencies-for-quebec-artists-and-writers-at-the-tokyo-arts-and-space-japan\/\">\n\t\t\t\t\t\t\t\t<h3>Residencies for Quebec artists and writers at the Tokyo Arts and Space (Japan)<\/h3>\n\t\t\t\t\t\t\t\t<p>R\u00e9sidences d\u2019artistes et \u00e9crivains qu\u00e9b\u00e9cois au Tokyo Arts and Space (Japon)<\/p>\n\t\t\t\t\t\t\t<\/a>\n\t\t\t\t\t\t<\/div>\n\t\t\t\t\t\t<div class=\"program-content\">\n\t\t\t\t\t\t\t<div class=\"funder-info\">\n\t\t\t\t\t\t\t\t<div><b>Funder Name: <\/b>CALQ<\/div>\n\t\t\t\t\t\t\t\t<div><b>Deadline: <\/b>To be determined<\/div>\n\t\t\t\t\t\t\t\t<div style=\"width: 100%;\"><b>Funding Amount: <\/b>$11,000<\/div>\n\t\t\t\t\t\t\t<\/div>\n\t\t\t\t\t\t\t<div class=\"program-short-desc\"><p>The residency at the Tokyo Arts and Space will enable Qu\u00e9bec artists and writers to engage in a significant experience contributing to their professional development.<\/p>\n<\/div>\n\t\t\t\t\t\t\t\t<a class=\"program-see-details\" href=\"https:\/\/www.quebec-elan.org\/en\/quebec-relations\/residencies-for-quebec-artists-and-writers-at-the-tokyo-arts-and-space-japan\/\">See Details<\/a>\n\t\t\t\t\t\t\t<\/div>\n\t\t\t\t\t\t<\/div><div class=\"program\">\n\t\t\t\t\t\t<div class=\"program-header\">\n\t\t\t\t\t\t\t<a href=\"https:\/\/www.quebec-elan.org\/en\/quebec-relations\/market-research-2\/\">\n\t\t\t\t\t\t\t\t<h3>Market Research (Performing Arts)<\/h3>\n\t\t\t\t\t\t\t\t<p>Prospection<\/p>\n\t\t\t\t\t\t\t<\/a>\n\t\t\t\t\t\t<\/div>\n\t\t\t\t\t\t<div class=\"program-content\">\n\t\t\t\t\t\t\t<div class=\"funder-info\">\n\t\t\t\t\t\t\t\t<div><b>Funder Name: <\/b>CALQ<\/div>\n\t\t\t\t\t\t\t\t<div><b>Deadline: <\/b>Rolling<\/div>\n\t\t\t\t\t\t\t\t<div style=\"width: 100%;\"><b>Funding Amount: <\/b>75%, up to $7,500<\/div>\n\t\t\t\t\t\t\t<\/div>\n\t\t\t\t\t\t\t<div class=\"program-short-desc\"><p>This program aids in the development of touring projects through promotional pre-tours or the participation in symposia, conferences, exhibitions, etc.<\/p>\n<\/div>\n\t\t\t\t\t\t\t\t<a class=\"program-see-details\" href=\"https:\/\/www.quebec-elan.org\/en\/quebec-relations\/market-research-2\/\">See Details<\/a>\n\t\t\t\t\t\t\t<\/div>\n\t\t\t\t\t\t<\/div><div class=\"program\">\n\t\t\t\t\t\t<div class=\"program-header\">\n\t\t\t\t\t\t\t<a href=\"https:\/\/www.quebec-elan.org\/en\/quebec-relations\/inuit-and-first-nations-arts-revitalization-creation-and-transmission-2\/\">\n\t\t\t\t\t\t\t\t<h3>Inuit and First Nations Arts \u2013 Revitalization, Creation, and, Transmission<\/h3>\n\t\t\t\t\t\t\t\t<p>Arts autochtones \u2013 Revitalisation, cr\u00e9ation et transmission<\/p>\n\t\t\t\t\t\t\t<\/a>\n\t\t\t\t\t\t<\/div>\n\t\t\t\t\t\t<div class=\"program-content\">\n\t\t\t\t\t\t\t<div class=\"funder-info\">\n\t\t\t\t\t\t\t\t<div><b>Funder Name: <\/b>CALQ<\/div>\n\t\t\t\t\t\t\t\t<div><b>Deadline: <\/b>Rolling<\/div>\n\t\t\t\t\t\t\t\t<div style=\"width: 100%;\"><b>Funding Amount: <\/b>75%, no maximum<\/div>\n\t\t\t\t\t\t\t<\/div>\n\t\t\t\t\t\t\t<div class=\"program-short-desc\"><p>This program seeks to contribute to the knowledge, recognition, and promotion of Inuit and First Nations artists and the Inuit and First Nations arts, as well as to foster the reappropriation and transmission of traditional Inuit and First Nations knowledge, languages and arts, in addition to their development.<\/p>\n<\/div>\n\t\t\t\t\t\t\t\t<a class=\"program-see-details\" href=\"https:\/\/www.quebec-elan.org\/en\/quebec-relations\/inuit-and-first-nations-arts-revitalization-creation-and-transmission-2\/\">See Details<\/a>\n\t\t\t\t\t\t\t<\/div>\n\t\t\t\t\t\t<\/div><div class=\"program\">\n\t\t\t\t\t\t<div class=\"program-header\">\n\t\t\t\t\t\t\t<a href=\"https:\/\/www.quebec-elan.org\/en\/quebec-relations\/inuit-and-first-nations-arts-revitalization-creation-and-transmission\/\">\n\t\t\t\t\t\t\t\t<h3>Inuit and First Nations Arts &#8211; Revitalization, Creation and Transmission<\/h3>\n\t\t\t\t\t\t\t\t<p>Arts autochtones - Revitalisation, cr\u00e9ation et transmission<\/p>\n\t\t\t\t\t\t\t<\/a>\n\t\t\t\t\t\t<\/div>\n\t\t\t\t\t\t<div class=\"program-content\">\n\t\t\t\t\t\t\t<div class=\"funder-info\">\n\t\t\t\t\t\t\t\t<div><b>Funder Name: <\/b>CALQ<\/div>\n\t\t\t\t\t\t\t\t<div><b>Deadline: <\/b>Rolling<\/div>\n\t\t\t\t\t\t\t\t<div style=\"width: 100%;\"><b>Funding Amount: <\/b>100%, up to $50,000<\/div>\n\t\t\t\t\t\t\t<\/div>\n\t\t\t\t\t\t\t<div class=\"program-short-desc\"><p>This program aims to support the Inuit and First Nations arts community in Qu\u00e9bec in its quest for reappropriation, reconstruction and development, contributing to the knowledge, recognition and promotion of Inuit and First Nations artists and the Inuit and First Nations arts.<\/p>\n<\/div>\n\t\t\t\t\t\t\t\t<a class=\"program-see-details\" href=\"https:\/\/www.quebec-elan.org\/en\/quebec-relations\/inuit-and-first-nations-arts-revitalization-creation-and-transmission\/\">See Details<\/a>\n\t\t\t\t\t\t\t<\/div>\n\t\t\t\t\t\t<\/div><div class=\"program\">\n\t\t\t\t\t\t<div class=\"program-header\">\n\t\t\t\t\t\t\t<a href=\"https:\/\/www.quebec-elan.org\/en\/quebec-relations\/studio-apartments-for-young-artists-pepinieres-europeennes-de-creation\/\">\n\t\t\t\t\t\t\t\t<h3>Studio-Apartments for young artists (P\u00e9pini\u00e8res europ\u00e9ennes de Cr\u00e9ation)<\/h3>\n\t\t\t\t\t\t\t\t<p>P\u00e9pini\u00e8res europ\u00e9ennes de Cr\u00e9ation<\/p>\n\t\t\t\t\t\t\t<\/a>\n\t\t\t\t\t\t<\/div>\n\t\t\t\t\t\t<div class=\"program-content\">\n\t\t\t\t\t\t\t<div class=\"funder-info\">\n\t\t\t\t\t\t\t\t<div><b>Funder Name: <\/b>CALQ<\/div>\n\t\t\t\t\t\t\t\t<div><b>Deadline: <\/b>To be determined<\/div>\n\t\t\t\t\t\t\t\t<div style=\"width: 100%;\"><b>Funding Amount: <\/b>$5,500<\/div>\n\t\t\t\t\t\t\t<\/div>\n\t\t\t\t\t\t\t<div class=\"program-short-desc\"><p>Since 1992 as the P\u00e9pini\u00e8res Europ\u00e9ennes pour Jeunes Artistes and since 2018 as the P\u00e9pini\u00e8res Europ\u00e9ennes de Cr\u00e9ation, this structure, a true factory of adventurous culture, has been present in 32 countries with more than 200 partner host organizations and 1500 artists supported during the various programs.<\/p>\n<\/div>\n\t\t\t\t\t\t\t\t<a class=\"program-see-details\" href=\"https:\/\/www.quebec-elan.org\/en\/quebec-relations\/studio-apartments-for-young-artists-pepinieres-europeennes-de-creation\/\">See Details<\/a>\n\t\t\t\t\t\t\t<\/div>\n\t\t\t\t\t\t<\/div><div class=\"program\">\n\t\t\t\t\t\t<div class=\"program-header\">\n\t\t\t\t\t\t\t<a href=\"https:\/\/www.quebec-elan.org\/en\/quebec-relations\/market-research-3\/\">\n\t\t\t\t\t\t\t\t<h3>Market Research (Film &#038; Visual Arts)<\/h3>\n\t\t\t\t\t\t\t\t<p>Prospection<\/p>\n\t\t\t\t\t\t\t<\/a>\n\t\t\t\t\t\t<\/div>\n\t\t\t\t\t\t<div class=\"program-content\">\n\t\t\t\t\t\t\t<div class=\"funder-info\">\n\t\t\t\t\t\t\t\t<div><b>Funder Name: <\/b>CALQ<\/div>\n\t\t\t\t\t\t\t\t<div><b>Deadline: <\/b>Rolling<\/div>\n\t\t\t\t\t\t\t\t<div style=\"width: 100%;\"><b>Funding Amount: <\/b>75%, up to $7,500<\/div>\n\t\t\t\t\t\t\t<\/div>\n\t\t\t\t\t\t\t<div class=\"program-short-desc\"><p>This program promotes new forms of artistic cooperation, particularly through co-production and reciprocity agreements, and also emphasizes the presence of Quebec artists and the presentation of their works both within the province and abroad.<\/p>\n<\/div>\n\t\t\t\t\t\t\t\t<a class=\"program-see-details\" href=\"https:\/\/www.quebec-elan.org\/en\/quebec-relations\/market-research-3\/\">See Details<\/a>\n\t\t\t\t\t\t\t<\/div>\n\t\t\t\t\t\t<\/div><div class=\"program\">\n\t\t\t\t\t\t<div class=\"program-header\">\n\t\t\t\t\t\t\t<a href=\"https:\/\/www.quebec-elan.org\/en\/quebec-relations\/professional-development\/\">\n\t\t\t\t\t\t\t\t<h3>Professional Development<\/h3>\n\t\t\t\t\t\t\t\t<p>Perfectionnement<\/p>\n\t\t\t\t\t\t\t<\/a>\n\t\t\t\t\t\t<\/div>\n\t\t\t\t\t\t<div class=\"program-content\">\n\t\t\t\t\t\t\t<div class=\"funder-info\">\n\t\t\t\t\t\t\t\t<div><b>Funder Name: <\/b>CALQ<\/div>\n\t\t\t\t\t\t\t\t<div><b>Deadline: <\/b>Rolling<\/div>\n\t\t\t\t\t\t\t\t<div style=\"width: 100%;\"><b>Funding Amount: <\/b>100%, up to 15,000<\/div>\n\t\t\t\t\t\t\t<\/div>\n\t\t\t\t\t\t\t<div class=\"program-short-desc\"><p>This program helps artists and curators participate in professional development activities to acquire the knowledge and skills they need to advance in their careers.<\/p>\n<\/div>\n\t\t\t\t\t\t\t\t<a class=\"program-see-details\" href=\"https:\/\/www.quebec-elan.org\/en\/quebec-relations\/professional-development\/\">See Details<\/a>\n\t\t\t\t\t\t\t<\/div>\n\t\t\t\t\t\t<\/div><div class=\"program\">\n\t\t\t\t\t\t<div class=\"program-header\">\n\t\t\t\t\t\t\t<a href=\"https:\/\/www.quebec-elan.org\/en\/quebec-relations\/publication\/\">\n\t\t\t\t\t\t\t\t<h3>Publication<\/h3>\n\t\t\t\t\t\t\t\t<p>Publication<\/p>\n\t\t\t\t\t\t\t<\/a>\n\t\t\t\t\t\t<\/div>\n\t\t\t\t\t\t<div class=\"program-content\">\n\t\t\t\t\t\t\t<div class=\"funder-info\">\n\t\t\t\t\t\t\t\t<div><b>Funder Name: <\/b>CALQ<\/div>\n\t\t\t\t\t\t\t\t<div><b>Deadline: <\/b>Rolling<\/div>\n\t\t\t\t\t\t\t\t<div style=\"width: 100%;\"><b>Funding Amount: <\/b>75%, no maximum<\/div>\n\t\t\t\t\t\t\t<\/div>\n\t\t\t\t\t\t\t<div class=\"program-short-desc\"><p>This program supports activities related to audience awareness, promotion, and dissemination of works in order to advance knowledge in the fields of visual arts, arts and crafts, architectural research, digital arts and Film and videos.<\/p>\n<\/div>\n\t\t\t\t\t\t\t\t<a class=\"program-see-details\" href=\"https:\/\/www.quebec-elan.org\/en\/quebec-relations\/publication\/\">See Details<\/a>\n\t\t\t\t\t\t\t<\/div>\n\t\t\t\t\t\t<\/div><div class=\"qr-pagination\"><span aria-current=\"page\" class=\"page-numbers current\">1<\/span>\n<a class=\"page-numbers\" href=\"https:\/\/www.quebec-elan.org\/en\/wp-json\/wp\/v2\/pages\/43669\/page\/2\">2<\/a>\n<a class=\"page-numbers\" href=\"https:\/\/www.quebec-elan.org\/en\/wp-json\/wp\/v2\/pages\/43669\/page\/3\">3<\/a>\n<span class=\"page-numbers dots\">&hellip;<\/span>\n<a class=\"page-numbers\" href=\"https:\/\/www.quebec-elan.org\/en\/wp-json\/wp\/v2\/pages\/43669\/page\/13\">13<\/a>\n<a class=\"next page-numbers\" href=\"https:\/\/www.quebec-elan.org\/en\/wp-json\/wp\/v2\/pages\/43669\/page\/2\">&rarr;<\/a><\/div><\/div>\n\t\t<\/div>\n<\/div>\n\n\n\n<div class=\"wp-block-toolset-blocks-container tb-container button-grid-section\" data-toolset-blocks-container=\"0d1c97965df9b1cb88ef806478e86096\">\n<div class=\"wp-block-toolset-blocks-grid tb-grid\" data-toolset-blocks-grid=\"a43f402def3d7de50a541554cde7b91e\">\n<div class=\"wp-block-toolset-blocks-grid-column tb-grid-column tb-grid-align-top\" data-toolset-blocks-grid-column=\"3034fbe886c11054e95b46b09d3e4112\">\n<div class=\"wp-block-buttons is-layout-flex wp-block-buttons-is-layout-flex\">\n<div class=\"wp-block-button\"><a class=\"wp-block-button__link has-background wp-element-button\" href=\"https:\/\/www.quebec-elan.org\/search-artists\" style=\"border-radius:0px;background-color:#0054a5\">Search Funding Programs For Artists<\/a><\/div>\n<\/div>\n<\/div>\n\n\n\n<div class=\"wp-block-toolset-blocks-grid-column tb-grid-column tb-grid-align-top\" data-toolset-blocks-grid-column=\"3034fbe886c11054e95b46b09d3e4112\">\n<div class=\"wp-block-buttons is-layout-flex wp-block-buttons-is-layout-flex\">\n<div class=\"wp-block-button\"><a class=\"wp-block-button__link has-background wp-element-button\" href=\"https:\/\/www.quebec-elan.org\/search-art-organization\/\" style=\"border-radius:0px;background-color:#0054a5\">Search Funding Programs For Art Organizations<\/a><\/div>\n<\/div>\n<\/div>\n\n\n\n<div class=\"wp-block-toolset-blocks-grid-column tb-grid-column tb-grid-align-top\" data-toolset-blocks-grid-column=\"3034fbe886c11054e95b46b09d3e4112\">\n<div class=\"wp-block-buttons is-layout-flex wp-block-buttons-is-layout-flex\">\n<div class=\"wp-block-button\"><a class=\"wp-block-button__link has-background wp-element-button\" href=\"mailto:research@quebec-elan.org\" style=\"border-radius:0px;background-color:#0054a5\" target=\"_blank\" rel=\"noreferrer noopener\">Book a Funding Consultation<\/a><\/div>\n<\/div>\n<\/div>\n\n\n\n<div class=\"wp-block-toolset-blocks-grid-column tb-grid-column tb-grid-align-top\" data-toolset-blocks-grid-column=\"3034fbe886c11054e95b46b09d3e4112\">\n<div class=\"wp-block-buttons is-layout-flex wp-block-buttons-is-layout-flex\">\n<div class=\"wp-block-button\"><a class=\"wp-block-button__link has-background wp-element-button\" href=\"https:\/\/youtube.com\/playlist?list=PL1S8IjzLBWujcGE0Xobc3Gcd35PKd1Utr\" style=\"border-radius:0px;background-color:#0054a5\" target=\"_blank\" rel=\"noreferrer noopener\">Watch Webinars on Quebec Funding<\/a><\/div>\n<\/div>\n<\/div>\n<\/div>\n<\/div>\n","protected":false},"excerpt":{"rendered":"","protected":false},"author":5455,"featured_media":0,"parent":0,"menu_order":20,"comment_status":"closed","ping_status":"closed","template":"","meta":{"footnotes":""},"class_list":["post-43669","page","type-page","status-publish","hentry"],"yoast_head":"<!-- This site is optimized with the Yoast SEO plugin v27.3 - https:\/\/yoast.com\/product\/yoast-seo-wordpress\/ -->\n<title>Search Results - ELAN<\/title>\n<meta name=\"robots\" content=\"index, follow, max-snippet:-1, max-image-preview:large, max-video-preview:-1\" \/>\n<link rel=\"canonical\" href=\"https:\/\/www.quebec-elan.org\/en\/search-results\/\" \/>\n<meta property=\"og:locale\" content=\"en_US\" \/>\n<meta property=\"og:type\" content=\"article\" \/>\n<meta property=\"og:title\" content=\"Search Results - ELAN\" \/>\n<meta property=\"og:url\" content=\"https:\/\/www.quebec-elan.org\/en\/search-results\/\" \/>\n<meta property=\"og:site_name\" content=\"ELAN\" \/>\n<meta property=\"article:modified_time\" content=\"2023-02-08T18:27:34+00:00\" \/>\n<meta property=\"og:image\" content=\"https:\/\/www.quebec-elan.org\/wp-content\/uploads\/2022\/09\/logo-400.jpg\" \/>\n<meta name=\"twitter:card\" content=\"summary_large_image\" \/>\n<meta name=\"twitter:label1\" content=\"Est. reading time\" \/>\n\t<meta name=\"twitter:data1\" content=\"1 minute\" \/>\n<script type=\"application\/ld+json\" class=\"yoast-schema-graph\">{\"@context\":\"https:\\\/\\\/schema.org\",\"@graph\":[{\"@type\":\"WebPage\",\"@id\":\"https:\\\/\\\/www.quebec-elan.org\\\/en\\\/search-results\\\/\",\"url\":\"https:\\\/\\\/www.quebec-elan.org\\\/en\\\/search-results\\\/\",\"name\":\"Search Results - ELAN\",\"isPartOf\":{\"@id\":\"https:\\\/\\\/www.quebec-elan.org\\\/en\\\/#website\"},\"primaryImageOfPage\":{\"@id\":\"https:\\\/\\\/www.quebec-elan.org\\\/en\\\/search-results\\\/#primaryimage\"},\"image\":{\"@id\":\"https:\\\/\\\/www.quebec-elan.org\\\/en\\\/search-results\\\/#primaryimage\"},\"thumbnailUrl\":\"https:\\\/\\\/www.quebec-elan.org\\\/wp-content\\\/uploads\\\/2022\\\/09\\\/logo-400.jpg\",\"datePublished\":\"2022-09-07T08:42:51+00:00\",\"dateModified\":\"2023-02-08T18:27:34+00:00\",\"breadcrumb\":{\"@id\":\"https:\\\/\\\/www.quebec-elan.org\\\/en\\\/search-results\\\/#breadcrumb\"},\"inLanguage\":\"en-US\",\"potentialAction\":[{\"@type\":\"ReadAction\",\"target\":[\"https:\\\/\\\/www.quebec-elan.org\\\/en\\\/search-results\\\/\"]}]},{\"@type\":\"ImageObject\",\"inLanguage\":\"en-US\",\"@id\":\"https:\\\/\\\/www.quebec-elan.org\\\/en\\\/search-results\\\/#primaryimage\",\"url\":\"https:\\\/\\\/www.quebec-elan.org\\\/wp-content\\\/uploads\\\/2022\\\/09\\\/logo-400.jpg\",\"contentUrl\":\"https:\\\/\\\/www.quebec-elan.org\\\/wp-content\\\/uploads\\\/2022\\\/09\\\/logo-400.jpg\"},{\"@type\":\"BreadcrumbList\",\"@id\":\"https:\\\/\\\/www.quebec-elan.org\\\/en\\\/search-results\\\/#breadcrumb\",\"itemListElement\":[{\"@type\":\"ListItem\",\"position\":1,\"name\":\"Home\",\"item\":\"https:\\\/\\\/www.quebec-elan.org\\\/en\\\/new-home\\\/\"},{\"@type\":\"ListItem\",\"position\":2,\"name\":\"Search Results\"}]},{\"@type\":\"WebSite\",\"@id\":\"https:\\\/\\\/www.quebec-elan.org\\\/en\\\/#website\",\"url\":\"https:\\\/\\\/www.quebec-elan.org\\\/en\\\/\",\"name\":\"ELAN\",\"description\":\"English Language Arts Network\",\"publisher\":{\"@id\":\"https:\\\/\\\/www.quebec-elan.org\\\/en\\\/#organization\"},\"potentialAction\":[{\"@type\":\"SearchAction\",\"target\":{\"@type\":\"EntryPoint\",\"urlTemplate\":\"https:\\\/\\\/www.quebec-elan.org\\\/en\\\/?s={search_term_string}\"},\"query-input\":{\"@type\":\"PropertyValueSpecification\",\"valueRequired\":true,\"valueName\":\"search_term_string\"}}],\"inLanguage\":\"en-US\"},{\"@type\":\"Organization\",\"@id\":\"https:\\\/\\\/www.quebec-elan.org\\\/en\\\/#organization\",\"name\":\"ELAN - English Language Arts Network\",\"url\":\"https:\\\/\\\/www.quebec-elan.org\\\/en\\\/\",\"logo\":{\"@type\":\"ImageObject\",\"inLanguage\":\"en-US\",\"@id\":\"https:\\\/\\\/www.quebec-elan.org\\\/en\\\/#\\\/schema\\\/logo\\\/image\\\/\",\"url\":\"https:\\\/\\\/www.quebec-elan.org\\\/wp-content\\\/uploads\\\/2022\\\/05\\\/elan-logo-360.jpg\",\"contentUrl\":\"https:\\\/\\\/www.quebec-elan.org\\\/wp-content\\\/uploads\\\/2022\\\/05\\\/elan-logo-360.jpg\",\"width\":360,\"height\":70,\"caption\":\"ELAN - English Language Arts Network\"},\"image\":{\"@id\":\"https:\\\/\\\/www.quebec-elan.org\\\/en\\\/#\\\/schema\\\/logo\\\/image\\\/\"}}]}<\/script>\n<!-- \/ Yoast SEO plugin. -->","yoast_head_json":{"title":"Search Results - ELAN","robots":{"index":"index","follow":"follow","max-snippet":"max-snippet:-1","max-image-preview":"max-image-preview:large","max-video-preview":"max-video-preview:-1"},"canonical":"https:\/\/www.quebec-elan.org\/en\/search-results\/","og_locale":"en_US","og_type":"article","og_title":"Search Results - ELAN","og_url":"https:\/\/www.quebec-elan.org\/en\/search-results\/","og_site_name":"ELAN","article_modified_time":"2023-02-08T18:27:34+00:00","og_image":[{"url":"https:\/\/www.quebec-elan.org\/wp-content\/uploads\/2022\/09\/logo-400.jpg","type":"","width":"","height":""}],"twitter_card":"summary_large_image","twitter_misc":{"Est. reading time":"1 minute"},"schema":{"@context":"https:\/\/schema.org","@graph":[{"@type":"WebPage","@id":"https:\/\/www.quebec-elan.org\/en\/search-results\/","url":"https:\/\/www.quebec-elan.org\/en\/search-results\/","name":"Search Results - ELAN","isPartOf":{"@id":"https:\/\/www.quebec-elan.org\/en\/#website"},"primaryImageOfPage":{"@id":"https:\/\/www.quebec-elan.org\/en\/search-results\/#primaryimage"},"image":{"@id":"https:\/\/www.quebec-elan.org\/en\/search-results\/#primaryimage"},"thumbnailUrl":"https:\/\/www.quebec-elan.org\/wp-content\/uploads\/2022\/09\/logo-400.jpg","datePublished":"2022-09-07T08:42:51+00:00","dateModified":"2023-02-08T18:27:34+00:00","breadcrumb":{"@id":"https:\/\/www.quebec-elan.org\/en\/search-results\/#breadcrumb"},"inLanguage":"en-US","potentialAction":[{"@type":"ReadAction","target":["https:\/\/www.quebec-elan.org\/en\/search-results\/"]}]},{"@type":"ImageObject","inLanguage":"en-US","@id":"https:\/\/www.quebec-elan.org\/en\/search-results\/#primaryimage","url":"https:\/\/www.quebec-elan.org\/wp-content\/uploads\/2022\/09\/logo-400.jpg","contentUrl":"https:\/\/www.quebec-elan.org\/wp-content\/uploads\/2022\/09\/logo-400.jpg"},{"@type":"BreadcrumbList","@id":"https:\/\/www.quebec-elan.org\/en\/search-results\/#breadcrumb","itemListElement":[{"@type":"ListItem","position":1,"name":"Home","item":"https:\/\/www.quebec-elan.org\/en\/new-home\/"},{"@type":"ListItem","position":2,"name":"Search Results"}]},{"@type":"WebSite","@id":"https:\/\/www.quebec-elan.org\/en\/#website","url":"https:\/\/www.quebec-elan.org\/en\/","name":"ELAN","description":"English Language Arts Network","publisher":{"@id":"https:\/\/www.quebec-elan.org\/en\/#organization"},"potentialAction":[{"@type":"SearchAction","target":{"@type":"EntryPoint","urlTemplate":"https:\/\/www.quebec-elan.org\/en\/?s={search_term_string}"},"query-input":{"@type":"PropertyValueSpecification","valueRequired":true,"valueName":"search_term_string"}}],"inLanguage":"en-US"},{"@type":"Organization","@id":"https:\/\/www.quebec-elan.org\/en\/#organization","name":"ELAN - English Language Arts Network","url":"https:\/\/www.quebec-elan.org\/en\/","logo":{"@type":"ImageObject","inLanguage":"en-US","@id":"https:\/\/www.quebec-elan.org\/en\/#\/schema\/logo\/image\/","url":"https:\/\/www.quebec-elan.org\/wp-content\/uploads\/2022\/05\/elan-logo-360.jpg","contentUrl":"https:\/\/www.quebec-elan.org\/wp-content\/uploads\/2022\/05\/elan-logo-360.jpg","width":360,"height":70,"caption":"ELAN - English Language Arts Network"},"image":{"@id":"https:\/\/www.quebec-elan.org\/en\/#\/schema\/logo\/image\/"}}]}},"_links":{"self":[{"href":"https:\/\/www.quebec-elan.org\/en\/wp-json\/wp\/v2\/pages\/43669","targetHints":{"allow":["GET"]}}],"collection":[{"href":"https:\/\/www.quebec-elan.org\/en\/wp-json\/wp\/v2\/pages"}],"about":[{"href":"https:\/\/www.quebec-elan.org\/en\/wp-json\/wp\/v2\/types\/page"}],"author":[{"embeddable":true,"href":"https:\/\/www.quebec-elan.org\/en\/wp-json\/wp\/v2\/users\/5455"}],"replies":[{"embeddable":true,"href":"https:\/\/www.quebec-elan.org\/en\/wp-json\/wp\/v2\/comments?post=43669"}],"version-history":[{"count":20,"href":"https:\/\/www.quebec-elan.org\/en\/wp-json\/wp\/v2\/pages\/43669\/revisions"}],"predecessor-version":[{"id":70102,"href":"https:\/\/www.quebec-elan.org\/en\/wp-json\/wp\/v2\/pages\/43669\/revisions\/70102"}],"wp:attachment":[{"href":"https:\/\/www.quebec-elan.org\/en\/wp-json\/wp\/v2\/media?parent=43669"}],"curies":[{"name":"wp","href":"https:\/\/api.w.org\/{rel}","templated":true}]}}