{"id":43867,"date":"2022-09-12T09:20:35","date_gmt":"2022-09-12T13:20:35","guid":{"rendered":"https:\/\/www.quebec-elan.org\/?page_id=43867"},"modified":"2022-12-06T01:53:10","modified_gmt":"2022-12-06T06:53:10","slug":"search-art-organization","status":"publish","type":"page","link":"https:\/\/www.quebec-elan.org\/en\/search-art-organization\/","title":{"rendered":"Search Art Organizations"},"content":{"rendered":"\n<div class=\"wp-block-toolset-blocks-container tb-container\" data-toolset-blocks-container=\"ed3832aa6201cbec5b1e5b902dc067e2\">\n<h1 class=\"has-text-align-center wp-block-heading\" style=\"font-size:3rem\">Quebec Relations<\/h1>\n\n\n\n<div class=\"wp-block-toolset-blocks-grid tb-grid\" data-toolset-blocks-grid=\"00de830b352b3e3fd8c47b043887d061\">\n<div class=\"wp-block-toolset-blocks-grid-column tb-grid-column tb-grid-align-top\" data-toolset-blocks-grid-column=\"3034fbe886c11054e95b46b09d3e4112\">\n<figure class=\"wp-block-image tb-image tb-image-dynamic tb-image-frame-none\" data-toolset-blocks-image=\"aa903e0fe97af2dab4da75d61c1f53fa\"><img loading=\"lazy\" decoding=\"async\" width=\"400\" height=\"310\" loading=\"lazy\" src=\"https:\/\/www.quebec-elan.org\/wp-content\/uploads\/2022\/09\/logo-400.jpg\" alt=\"Quebec Relations Logo\" class=\"wp-image-44049\" srcset=\"https:\/\/www.quebec-elan.org\/wp-content\/uploads\/2022\/09\/logo-400.jpg 400w, https:\/\/www.quebec-elan.org\/wp-content\/uploads\/2022\/09\/logo-400-300x233.jpg 300w\" sizes=\"auto, (max-width: 400px) 100vw, 400px\" \/><\/figure>\n<\/div>\n\n\n\n<div class=\"wp-block-toolset-blocks-grid-column tb-grid-column tb-grid-align-top\" data-toolset-blocks-grid-column=\"3034fbe886c11054e95b46b09d3e4112\">\n<p class=\"has-medium-font-size\">This site presents translated summaries of information obtained from each funding body&#8217;s website. While we strive to ensure that all program information is as accurate and up-to-date as possible, we encourage users to consult each funder&#8217;s program documentation in full or to contact a program officer directly with any questions prior to submitting an application.<\/p>\n<\/div>\n<\/div>\n<\/div>\n\n\n\n<div class=\"wp-block-toolset-blocks-container tb-container\" data-toolset-blocks-container=\"80f47e844bb627f03474736c08ed236e\">\n<h2 class=\"wp-block-heading\">Search for available funding programs for Art Organizations<\/h2>\n\n\n<div class=\"search-div induvial-art-org-checkbox\">\n\t\t<form action=\"https:\/\/www.quebec-elan.org\/search-results\/\" method=\"get\">\n\t\t\t<div class=\"fields\">\n\t\t\t\t<div class=\"field\">\n\t\t\t\t\t<div class=\"form-group\">\n\t\t\t\t\t\t<label class=\"wpv-custom-search-filter__label\" for=\"discipline\">Discipline<\/label>\n\t\t\t\t\t\t<select name=\"wpv-discipline\" class=\"js-wpv-filter-trigger form-control\">\n\t\t\t\t\t\t\t<option selected=\"selected\" value=\"0\">All Disciplines<\/option><option value=\"animation\">Animation<\/option><option value=\"architectural-research\">Architectural research<\/option><option value=\"art-market\">Art market<\/option><option value=\"arts-and-crafts\">Arts and crafts<\/option><option value=\"books-and-publishing\">Books and publishing<\/option><option value=\"circus-arts\">Circus arts<\/option><option value=\"dance\">Dance<\/option><option value=\"digital-arts\">Digital arts<\/option><option value=\"documentary\">Documentary<\/option><option value=\"film-and-television-production\">Film and television production<\/option><option value=\"film-and-video-art\">Film and video art<\/option><option value=\"literature\">Literature<\/option><option value=\"multidisciplinary-arts\">Multidisciplinary arts<\/option><option value=\"music\">Music<\/option><option value=\"popular-song\">Popular song<\/option><option value=\"sound\">Sound<\/option><option value=\"storytelling\">Storytelling<\/option><option value=\"theatre\">Theatre<\/option><option value=\"variety\">Variety<\/option><option value=\"visual-arts\">Visual arts<\/option><\/select>\n\t\t\t\t\t<\/div>\n\t\t\t\t<\/div>\n\t\t\t\t<div class=\"field\">\n\t\t\t\t\t<div class=\"form-group\">\n\t\t\t\t\t\t<label class=\"wpv-custom-search-filter__label\" for=\"wpcf-funder-name\">Funder Name<\/label>\n\t\t\t\t\t\t<select name=\"funder-name\" class=\"js-wpv-filter-trigger form-control\">\n\t\t\t\t\t\t\t<option selected=\"selected\" value=\"\">All Funders<\/option>\n\t\t\t\t\t\t\t<option value=\"calq\">CALQ<\/option>\n\t\t\t\t\t\t\t<option value=\"cam\">CAM<\/option>\n\t\t\t\t\t\t\t<option value=\"saq\">SAQ<\/option>\n\t\t\t\t\t\t\t<option value=\"sodec\">SODEC<\/option>\n\t\t\t\t\t\t\t<option value=\"nfb\">NFB<\/option>\n\t\t\t\t\t\t\t<option value=\"canada council for the arts\">Canada Council for the Arts<\/option>\n\t\t\t\t\t\t\t<option value=\"banq\">BAnQ<\/option>\n\t\t\t\t\t\t\t<option value=\"minist\u00e8re des affaires municipales et habitation\">Minist\u00e8re des Affaires municipales et Habitation<\/option>\n\t\t\t\t\t\t\t<option value=\"minist\u00e8re de la culture et des communications\">Minist\u00e8re de la Culture et des Communications<\/option>\n\t\t\t\t\t\t\t<option value=\"emploi-qu\u00e9bec\">Emploi-Qu\u00e9bec<\/option>\n\t\t\t\t\t\t\t<option value=\"fondaction\">Fondaction<\/option>\n\t\t\t\t\t\t\t<option value=\"minist\u00e8re du tourisme et des loisirs\">Minist\u00e8re du Tourisme et des Loisirs<\/option>\n\t\t\t\t\t\t\t<option value=\"secr\u00e9tariat \u00e0 la capitale-nationale\">Secr\u00e9tariat \u00e0 la Capitale-Nationale<\/option>\n\t\t\t\t\t\t\t<option value=\"soci\u00e9t\u00e9 d'habitation du qu\u00e9bec\">Soci\u00e9t\u00e9 d'habitation du Qu\u00e9bec<\/option>\n\t\t\t\t\t\t\t<option value=\"secr\u00e9tariat aux relations avec les qu\u00e9b\u00e9cois d\u2019expression anglaise\">Secr\u00e9tariat aux relations avec les Qu\u00e9b\u00e9cois d\u2019expression anglaise<\/option>\n\t\t\t\t\t\t\t<option value=\"minist\u00e8re de l'education et de l'enseignement sup\u00e9rieur\">Minist\u00e8re de l'\u00c9ducation et de l'Enseignement sup\u00e9rieur<\/option>\n\t\t\t\t\t\t<\/select>\n\t\t\t\t\t<\/div>\n\t\t\t\t<\/div>\n\t\t\t\t<div class=\"field\">\n\t\t\t\t\t<div class=\"form-group\">\n\t\t\t\t\t\t<label class=\"wpv-custom-search-filter__label\" for=\"region\">Region<\/label>\n\t\t\t\t\t\t<select name=\"wpv-region\" class=\"js-wpv-filter-trigger form-control\">\n\t\t\t\t\t\t\t<option selected=\"selected\" value=\"0\">All Regions<\/option><option value=\"abitibi-temiscamingue\">Abitibi-T\u00e9miscamingue<\/option><option value=\"bas-saint-laurent\">Bas-Saint-Laurent<\/option><option value=\"capitale-nationale\">Capitale-Nationale<\/option><option value=\"centre-du-quebec\">Centre-du-Qu\u00e9bec<\/option><option value=\"chaudiere-appalaches\">Chaudi\u00e8re-Appalaches<\/option><option value=\"cote-nord\">C\u00f4te-Nord<\/option><option value=\"estrie\">Estrie<\/option><option value=\"gaspesie-iles-de-la-madeleine\">Gasp\u00e9sie\u2013\u00celes-de-la-Madeleine<\/option><option value=\"lanaudiere\">Lanaudi\u00e8re<\/option><option value=\"laurentides\">Laurentides<\/option><option value=\"laval\">Laval<\/option><option value=\"mauricie\">Mauricie<\/option><option value=\"monteregie\">Mont\u00e9r\u00e9gie<\/option><option value=\"montreal\">Montr\u00e9al<\/option><option value=\"nord-du-quebec\">Nord-du-Qu\u00e9bec<\/option><option value=\"outaouais\">Outaouais<\/option><option value=\"remote-regions\">Remote regions<\/option><option value=\"saguenay-lac-saint-jean\">Saguenay\u2013Lac-Saint-Jean<\/option><\/select>\n\t\t\t\t\t<\/div>\n\t\t\t\t<\/div>\n\t\t\t\t<div class=\"field organization-type\">\n\t\t\t\t\t<div class=\"form-group\">\n\t\t\t\t\t\t<label class=\"wpv-custom-search-filter__label\" for=\"organization-type\">Organization Type<\/label>\n\t\t\t\t\t\t<div class=\"checkbox\">\n\t\t\t\t\t\t\t<label for=\"organization-type-for-profit-companies\">\n\t\t\t\t\t\t\t\t<input type=\"checkbox\" id=\"organization-type-for-profit-companies\" class=\"js-wpv-filter-trigger\" name=\"wpv-organization-type[]\" value=\"for-profit-companies\">\n\t\t\t\t\t\t\t\tFor Profit Companies\n\t\t\t\t\t\t\t<\/label>\n\t\t\t\t\t\t<\/div>\n\t\t\t\t\t\t<div class=\"checkbox\">\n\t\t\t\t\t\t\t<label for=\"organization-type-individual-artist\">\n\t\t\t\t\t\t\t\t<input type=\"checkbox\" id=\"organization-type-individual-artist\" class=\"js-wpv-filter-trigger\" name=\"wpv-organization-type[]\" value=\"individual-artists\">\n\t\t\t\t\t\t\t\tIndividual Artist\n\t\t\t\t\t\t\t<\/label>\n\t\t\t\t\t\t<\/div>\n\t\t\t\t\t\t<div class=\"checkbox\">\n\t\t\t\t\t\t\t<label for=\"organization-type-not-for-profit-organization\">\n\t\t\t\t\t\t\t\t<input type=\"checkbox\" id=\"organization-type-not-for-profit-organization\" class=\"js-wpv-filter-trigger\" name=\"wpv-organization-type[]\" value=\"not-for-profit-organizations\">\n\t\t\t\t\t\t\t\tNot For Profit Organization\n\t\t\t\t\t\t\t<\/label>\n\t\t\t\t\t\t<\/div>\n\t\t\t\t\t<\/div>\n\t\t\t\t<\/div>\n\t\t\t\t<div class=\"field\">\n\t\t\t\t\t<div class=\"wpv-custom-search-filter-submit\">\n\t\t\t\t\t\t<input type=\"submit\" class=\"wpv-submit-trigger js-wpv-submit-trigger\" name=\"wpv_filter_submit\" value=\"Search\">\n\t\t\t\t\t<\/div>\n\t\t\t\t<\/div>\n\t\t\t\t<div class=\"field\">\n\t\t\t\t\t<div class=\"tb-button\">\n\t\t\t\t\t\t<a href=\"https:\/\/www.quebec-elan.org\/quebec-relations\/\" class=\"\">View All Programs<\/a>\n\t\t\t\t\t<\/div>\n\t\t\t\t<\/div>\n\t\t\t<\/div>\n\t\t<\/form>\n\t<\/div>\n<\/div>\n\n\n\n<div class=\"wp-block-toolset-blocks-container tb-container\" data-toolset-blocks-container=\"ed3832aa6201cbec5b1e5b902dc067e2\">\n<h3 class=\"wp-block-heading\">Funding for ELAN\u2019s Qu\u00e9bec Relations project provided by<\/h3>\n\n\n\n<figure class=\"wp-block-image aligncenter size-full\"><img decoding=\"async\" width=\"248\" height=\"95\" src=\"https:\/\/www.quebec-elan.org\/wp-content\/uploads\/2022\/11\/funding-logo-SRQEA.jpg\" alt=\"\" class=\"wp-image-47309\"\/><\/figure>\n<\/div>\n","protected":false},"excerpt":{"rendered":"","protected":false},"author":5455,"featured_media":0,"parent":0,"menu_order":21,"comment_status":"closed","ping_status":"closed","template":"","meta":{"footnotes":""},"class_list":["post-43867","page","type-page","status-publish","hentry"],"yoast_head":"<!-- This site is optimized with the Yoast SEO plugin v27.5 - https:\/\/yoast.com\/product\/yoast-seo-wordpress\/ -->\n<title>Search Art Organizations - ELAN<\/title>\n<meta name=\"robots\" content=\"index, follow, max-snippet:-1, max-image-preview:large, max-video-preview:-1\" \/>\n<link rel=\"canonical\" href=\"https:\/\/www.quebec-elan.org\/en\/search-art-organization\/\" \/>\n<meta property=\"og:locale\" content=\"en_US\" \/>\n<meta property=\"og:type\" content=\"article\" \/>\n<meta property=\"og:title\" content=\"Search Art Organizations - ELAN\" \/>\n<meta property=\"og:url\" content=\"https:\/\/www.quebec-elan.org\/en\/search-art-organization\/\" \/>\n<meta property=\"og:site_name\" content=\"ELAN\" \/>\n<meta property=\"article:modified_time\" content=\"2022-12-06T06:53:10+00:00\" \/>\n<meta property=\"og:image\" content=\"https:\/\/www.quebec-elan.org\/wp-content\/uploads\/2022\/09\/logo-400.jpg\" \/>\n<meta name=\"twitter:card\" content=\"summary_large_image\" \/>\n<meta name=\"twitter:label1\" content=\"Est. reading time\" \/>\n\t<meta name=\"twitter:data1\" content=\"1 minute\" \/>\n<script type=\"application\/ld+json\" class=\"yoast-schema-graph\">{\"@context\":\"https:\\\/\\\/schema.org\",\"@graph\":[{\"@type\":\"WebPage\",\"@id\":\"https:\\\/\\\/www.quebec-elan.org\\\/en\\\/search-art-organization\\\/\",\"url\":\"https:\\\/\\\/www.quebec-elan.org\\\/en\\\/search-art-organization\\\/\",\"name\":\"Search Art Organizations - ELAN\",\"isPartOf\":{\"@id\":\"https:\\\/\\\/www.quebec-elan.org\\\/en\\\/#website\"},\"primaryImageOfPage\":{\"@id\":\"https:\\\/\\\/www.quebec-elan.org\\\/en\\\/search-art-organization\\\/#primaryimage\"},\"image\":{\"@id\":\"https:\\\/\\\/www.quebec-elan.org\\\/en\\\/search-art-organization\\\/#primaryimage\"},\"thumbnailUrl\":\"https:\\\/\\\/www.quebec-elan.org\\\/wp-content\\\/uploads\\\/2022\\\/09\\\/logo-400.jpg\",\"datePublished\":\"2022-09-12T13:20:35+00:00\",\"dateModified\":\"2022-12-06T06:53:10+00:00\",\"breadcrumb\":{\"@id\":\"https:\\\/\\\/www.quebec-elan.org\\\/en\\\/search-art-organization\\\/#breadcrumb\"},\"inLanguage\":\"en-US\",\"potentialAction\":[{\"@type\":\"ReadAction\",\"target\":[\"https:\\\/\\\/www.quebec-elan.org\\\/en\\\/search-art-organization\\\/\"]}]},{\"@type\":\"ImageObject\",\"inLanguage\":\"en-US\",\"@id\":\"https:\\\/\\\/www.quebec-elan.org\\\/en\\\/search-art-organization\\\/#primaryimage\",\"url\":\"https:\\\/\\\/www.quebec-elan.org\\\/wp-content\\\/uploads\\\/2022\\\/09\\\/logo-400.jpg\",\"contentUrl\":\"https:\\\/\\\/www.quebec-elan.org\\\/wp-content\\\/uploads\\\/2022\\\/09\\\/logo-400.jpg\"},{\"@type\":\"BreadcrumbList\",\"@id\":\"https:\\\/\\\/www.quebec-elan.org\\\/en\\\/search-art-organization\\\/#breadcrumb\",\"itemListElement\":[{\"@type\":\"ListItem\",\"position\":1,\"name\":\"Home\",\"item\":\"https:\\\/\\\/www.quebec-elan.org\\\/en\\\/new-home\\\/\"},{\"@type\":\"ListItem\",\"position\":2,\"name\":\"Search Art Organizations\"}]},{\"@type\":\"WebSite\",\"@id\":\"https:\\\/\\\/www.quebec-elan.org\\\/en\\\/#website\",\"url\":\"https:\\\/\\\/www.quebec-elan.org\\\/en\\\/\",\"name\":\"ELAN\",\"description\":\"English Language Arts Network\",\"publisher\":{\"@id\":\"https:\\\/\\\/www.quebec-elan.org\\\/en\\\/#organization\"},\"potentialAction\":[{\"@type\":\"SearchAction\",\"target\":{\"@type\":\"EntryPoint\",\"urlTemplate\":\"https:\\\/\\\/www.quebec-elan.org\\\/en\\\/?s={search_term_string}\"},\"query-input\":{\"@type\":\"PropertyValueSpecification\",\"valueRequired\":true,\"valueName\":\"search_term_string\"}}],\"inLanguage\":\"en-US\"},{\"@type\":\"Organization\",\"@id\":\"https:\\\/\\\/www.quebec-elan.org\\\/en\\\/#organization\",\"name\":\"ELAN - English Language Arts Network\",\"url\":\"https:\\\/\\\/www.quebec-elan.org\\\/en\\\/\",\"logo\":{\"@type\":\"ImageObject\",\"inLanguage\":\"en-US\",\"@id\":\"https:\\\/\\\/www.quebec-elan.org\\\/en\\\/#\\\/schema\\\/logo\\\/image\\\/\",\"url\":\"https:\\\/\\\/www.quebec-elan.org\\\/wp-content\\\/uploads\\\/2022\\\/05\\\/elan-logo-360.jpg\",\"contentUrl\":\"https:\\\/\\\/www.quebec-elan.org\\\/wp-content\\\/uploads\\\/2022\\\/05\\\/elan-logo-360.jpg\",\"width\":360,\"height\":70,\"caption\":\"ELAN - English Language Arts Network\"},\"image\":{\"@id\":\"https:\\\/\\\/www.quebec-elan.org\\\/en\\\/#\\\/schema\\\/logo\\\/image\\\/\"}}]}<\/script>\n<!-- \/ Yoast SEO plugin. -->","yoast_head_json":{"title":"Search Art Organizations - ELAN","robots":{"index":"index","follow":"follow","max-snippet":"max-snippet:-1","max-image-preview":"max-image-preview:large","max-video-preview":"max-video-preview:-1"},"canonical":"https:\/\/www.quebec-elan.org\/en\/search-art-organization\/","og_locale":"en_US","og_type":"article","og_title":"Search Art Organizations - ELAN","og_url":"https:\/\/www.quebec-elan.org\/en\/search-art-organization\/","og_site_name":"ELAN","article_modified_time":"2022-12-06T06:53:10+00:00","og_image":[{"url":"https:\/\/www.quebec-elan.org\/wp-content\/uploads\/2022\/09\/logo-400.jpg","type":"","width":"","height":""}],"twitter_card":"summary_large_image","twitter_misc":{"Est. reading time":"1 minute"},"schema":{"@context":"https:\/\/schema.org","@graph":[{"@type":"WebPage","@id":"https:\/\/www.quebec-elan.org\/en\/search-art-organization\/","url":"https:\/\/www.quebec-elan.org\/en\/search-art-organization\/","name":"Search Art Organizations - ELAN","isPartOf":{"@id":"https:\/\/www.quebec-elan.org\/en\/#website"},"primaryImageOfPage":{"@id":"https:\/\/www.quebec-elan.org\/en\/search-art-organization\/#primaryimage"},"image":{"@id":"https:\/\/www.quebec-elan.org\/en\/search-art-organization\/#primaryimage"},"thumbnailUrl":"https:\/\/www.quebec-elan.org\/wp-content\/uploads\/2022\/09\/logo-400.jpg","datePublished":"2022-09-12T13:20:35+00:00","dateModified":"2022-12-06T06:53:10+00:00","breadcrumb":{"@id":"https:\/\/www.quebec-elan.org\/en\/search-art-organization\/#breadcrumb"},"inLanguage":"en-US","potentialAction":[{"@type":"ReadAction","target":["https:\/\/www.quebec-elan.org\/en\/search-art-organization\/"]}]},{"@type":"ImageObject","inLanguage":"en-US","@id":"https:\/\/www.quebec-elan.org\/en\/search-art-organization\/#primaryimage","url":"https:\/\/www.quebec-elan.org\/wp-content\/uploads\/2022\/09\/logo-400.jpg","contentUrl":"https:\/\/www.quebec-elan.org\/wp-content\/uploads\/2022\/09\/logo-400.jpg"},{"@type":"BreadcrumbList","@id":"https:\/\/www.quebec-elan.org\/en\/search-art-organization\/#breadcrumb","itemListElement":[{"@type":"ListItem","position":1,"name":"Home","item":"https:\/\/www.quebec-elan.org\/en\/new-home\/"},{"@type":"ListItem","position":2,"name":"Search Art Organizations"}]},{"@type":"WebSite","@id":"https:\/\/www.quebec-elan.org\/en\/#website","url":"https:\/\/www.quebec-elan.org\/en\/","name":"ELAN","description":"English Language Arts Network","publisher":{"@id":"https:\/\/www.quebec-elan.org\/en\/#organization"},"potentialAction":[{"@type":"SearchAction","target":{"@type":"EntryPoint","urlTemplate":"https:\/\/www.quebec-elan.org\/en\/?s={search_term_string}"},"query-input":{"@type":"PropertyValueSpecification","valueRequired":true,"valueName":"search_term_string"}}],"inLanguage":"en-US"},{"@type":"Organization","@id":"https:\/\/www.quebec-elan.org\/en\/#organization","name":"ELAN - English Language Arts Network","url":"https:\/\/www.quebec-elan.org\/en\/","logo":{"@type":"ImageObject","inLanguage":"en-US","@id":"https:\/\/www.quebec-elan.org\/en\/#\/schema\/logo\/image\/","url":"https:\/\/www.quebec-elan.org\/wp-content\/uploads\/2022\/05\/elan-logo-360.jpg","contentUrl":"https:\/\/www.quebec-elan.org\/wp-content\/uploads\/2022\/05\/elan-logo-360.jpg","width":360,"height":70,"caption":"ELAN - English Language Arts Network"},"image":{"@id":"https:\/\/www.quebec-elan.org\/en\/#\/schema\/logo\/image\/"}}]}},"_links":{"self":[{"href":"https:\/\/www.quebec-elan.org\/en\/wp-json\/wp\/v2\/pages\/43867","targetHints":{"allow":["GET"]}}],"collection":[{"href":"https:\/\/www.quebec-elan.org\/en\/wp-json\/wp\/v2\/pages"}],"about":[{"href":"https:\/\/www.quebec-elan.org\/en\/wp-json\/wp\/v2\/types\/page"}],"author":[{"embeddable":true,"href":"https:\/\/www.quebec-elan.org\/en\/wp-json\/wp\/v2\/users\/5455"}],"replies":[{"embeddable":true,"href":"https:\/\/www.quebec-elan.org\/en\/wp-json\/wp\/v2\/comments?post=43867"}],"version-history":[{"count":0,"href":"https:\/\/www.quebec-elan.org\/en\/wp-json\/wp\/v2\/pages\/43867\/revisions"}],"wp:attachment":[{"href":"https:\/\/www.quebec-elan.org\/en\/wp-json\/wp\/v2\/media?parent=43867"}],"curies":[{"name":"wp","href":"https:\/\/api.w.org\/{rel}","templated":true}]}}