{"id":2326,"date":"2016-09-02T16:58:36","date_gmt":"2016-09-02T16:58:36","guid":{"rendered":"https:\/\/www.quebec-elan.org\/?page_id=2326&#038;lang=fr"},"modified":"2016-09-02T16:58:36","modified_gmt":"2016-09-02T16:58:36","slug":"politique-en-matiere-de-donnees-privees","status":"publish","type":"page","link":"https:\/\/www.quebec-elan.org\/fr\/politique-en-matiere-de-donnees-privees\/","title":{"rendered":"Politique en mati\u00e8re de donn\u00e9es priv\u00e9es"},"content":{"rendered":"<div class=\"entry-content\">\n<p>ELAN emploie Google Analytics pour r\u00e9aliser une analytique sur notre site web. Nous l\u2019avons mis en oeuvre afin de recueillir des donn\u00e9es sur notre trafic \u00e0 la seule fin d\u2019obtenir une meilleur compr\u00e9hension des besoins des visiteurs \u00e0 notre site web. Google Analytics utilise des cookies pour recueillir de l\u2019information sur vos activit\u00e9s sur notre site en plus du trajet que vous avez pris pour vous y rendre.<\/p>\n<p>Toutes les donn\u00e9es recueillies par Google Analytics sont partiellement anonymis\u00e9es. Jamais ELAN ne combinera ces donn\u00e9es avec des donn\u00e9es personelles, ni utilisera ces donn\u00e9es \u00e0 des fins autres que l\u2019analyse de l\u2019usage du site web d&rsquo;ELAN.<\/p>\n<p>Vous pouvez bloquer la collecte de donn\u00e9es par Google Analytics, ainsi que les publicit\u00e9s et d\u2019autres outils de collecte de donn\u00e9es, \u00e0 travers toute votre navigation Internet en installant un plugin pour votre navigateur tel que uBlock (<a href=\"https:\/\/addons.mozilla.org\/en-US\/firefox\/addon\/ublock\/\">Firefox<\/a> | <a href=\"https:\/\/chrome.google.com\/webstore\/detail\/ublock-origin\/cjpalhdlnbpafiamejdnhcphjbkeiagm?hl=en\">Chrome<\/a>).<\/p>\n<p><em>Nous remercions le <a href=\"http:\/\/coco-net.org\/?lang=fr\">COCo<\/a> de nous permettre de modifier leur politique.<\/em><\/p>\n<\/div>\n","protected":false},"excerpt":{"rendered":"<p>ELAN emploie Google Analytics pour r\u00e9aliser une analytique sur notre site web. Nous l\u2019avons mis en oeuvre afin de recueillir des donn\u00e9es sur notre trafic \u00e0 la seule fin d\u2019obtenir une meilleur compr\u00e9hension des besoins des visiteurs \u00e0 notre site web. Google Analytics utilise des cookies pour recueillir de l\u2019information sur vos activit\u00e9s sur notre [&hellip;]<\/p>\n","protected":false},"author":234,"featured_media":0,"parent":0,"menu_order":163,"comment_status":"closed","ping_status":"closed","template":"","meta":{"footnotes":""},"class_list":["post-2326","page","type-page","status-publish","hentry"],"yoast_head":"<!-- This site is optimized with the Yoast SEO plugin v27.3 - https:\/\/yoast.com\/product\/yoast-seo-wordpress\/ -->\n<title>Politique en mati\u00e8re de donn\u00e9es priv\u00e9es - ELAN<\/title>\n<meta name=\"robots\" content=\"index, follow, max-snippet:-1, max-image-preview:large, max-video-preview:-1\" \/>\n<link rel=\"canonical\" href=\"https:\/\/www.quebec-elan.org\/fr\/politique-en-matiere-de-donnees-privees\/\" \/>\n<meta property=\"og:locale\" content=\"fr_FR\" \/>\n<meta property=\"og:type\" content=\"article\" \/>\n<meta property=\"og:title\" content=\"Politique en mati\u00e8re de donn\u00e9es priv\u00e9es - ELAN\" \/>\n<meta property=\"og:description\" content=\"ELAN emploie Google Analytics pour r\u00e9aliser une analytique sur notre site web. Nous l\u2019avons mis en oeuvre afin de recueillir des donn\u00e9es sur notre trafic \u00e0 la seule fin d\u2019obtenir une meilleur compr\u00e9hension des besoins des visiteurs \u00e0 notre site web. Google Analytics utilise des cookies pour recueillir de l\u2019information sur vos activit\u00e9s sur notre [&hellip;]\" \/>\n<meta property=\"og:url\" content=\"https:\/\/www.quebec-elan.org\/fr\/politique-en-matiere-de-donnees-privees\/\" \/>\n<meta property=\"og:site_name\" content=\"ELAN\" \/>\n<meta name=\"twitter:card\" content=\"summary_large_image\" \/>\n<meta name=\"twitter:label1\" content=\"Dur\u00e9e de lecture estim\u00e9e\" \/>\n\t<meta name=\"twitter:data1\" content=\"1 minute\" \/>\n<script type=\"application\/ld+json\" class=\"yoast-schema-graph\">{\"@context\":\"https:\\\/\\\/schema.org\",\"@graph\":[{\"@type\":\"WebPage\",\"@id\":\"https:\\\/\\\/www.quebec-elan.org\\\/fr\\\/politique-en-matiere-de-donnees-privees\\\/\",\"url\":\"https:\\\/\\\/www.quebec-elan.org\\\/fr\\\/politique-en-matiere-de-donnees-privees\\\/\",\"name\":\"Politique en mati\u00e8re de donn\u00e9es priv\u00e9es - ELAN\",\"isPartOf\":{\"@id\":\"https:\\\/\\\/www.quebec-elan.org\\\/en\\\/#website\"},\"datePublished\":\"2016-09-02T16:58:36+00:00\",\"breadcrumb\":{\"@id\":\"https:\\\/\\\/www.quebec-elan.org\\\/fr\\\/politique-en-matiere-de-donnees-privees\\\/#breadcrumb\"},\"inLanguage\":\"fr-FR\",\"potentialAction\":[{\"@type\":\"ReadAction\",\"target\":[\"https:\\\/\\\/www.quebec-elan.org\\\/fr\\\/politique-en-matiere-de-donnees-privees\\\/\"]}]},{\"@type\":\"BreadcrumbList\",\"@id\":\"https:\\\/\\\/www.quebec-elan.org\\\/fr\\\/politique-en-matiere-de-donnees-privees\\\/#breadcrumb\",\"itemListElement\":[{\"@type\":\"ListItem\",\"position\":1,\"name\":\"Home\",\"item\":\"https:\\\/\\\/www.quebec-elan.org\\\/fr\\\/\"},{\"@type\":\"ListItem\",\"position\":2,\"name\":\"Politique en mati\u00e8re de donn\u00e9es priv\u00e9es\"}]},{\"@type\":\"WebSite\",\"@id\":\"https:\\\/\\\/www.quebec-elan.org\\\/en\\\/#website\",\"url\":\"https:\\\/\\\/www.quebec-elan.org\\\/en\\\/\",\"name\":\"ELAN\",\"description\":\"English Language Arts Network\",\"publisher\":{\"@id\":\"https:\\\/\\\/www.quebec-elan.org\\\/en\\\/#organization\"},\"potentialAction\":[{\"@type\":\"SearchAction\",\"target\":{\"@type\":\"EntryPoint\",\"urlTemplate\":\"https:\\\/\\\/www.quebec-elan.org\\\/en\\\/?s={search_term_string}\"},\"query-input\":{\"@type\":\"PropertyValueSpecification\",\"valueRequired\":true,\"valueName\":\"search_term_string\"}}],\"inLanguage\":\"fr-FR\"},{\"@type\":\"Organization\",\"@id\":\"https:\\\/\\\/www.quebec-elan.org\\\/en\\\/#organization\",\"name\":\"ELAN - English Language Arts Network\",\"url\":\"https:\\\/\\\/www.quebec-elan.org\\\/en\\\/\",\"logo\":{\"@type\":\"ImageObject\",\"inLanguage\":\"fr-FR\",\"@id\":\"https:\\\/\\\/www.quebec-elan.org\\\/en\\\/#\\\/schema\\\/logo\\\/image\\\/\",\"url\":\"https:\\\/\\\/www.quebec-elan.org\\\/wp-content\\\/uploads\\\/2022\\\/05\\\/elan-logo-360.jpg\",\"contentUrl\":\"https:\\\/\\\/www.quebec-elan.org\\\/wp-content\\\/uploads\\\/2022\\\/05\\\/elan-logo-360.jpg\",\"width\":360,\"height\":70,\"caption\":\"ELAN - English Language Arts Network\"},\"image\":{\"@id\":\"https:\\\/\\\/www.quebec-elan.org\\\/en\\\/#\\\/schema\\\/logo\\\/image\\\/\"}}]}<\/script>\n<!-- \/ Yoast SEO plugin. -->","yoast_head_json":{"title":"Politique en mati\u00e8re de donn\u00e9es priv\u00e9es - ELAN","robots":{"index":"index","follow":"follow","max-snippet":"max-snippet:-1","max-image-preview":"max-image-preview:large","max-video-preview":"max-video-preview:-1"},"canonical":"https:\/\/www.quebec-elan.org\/fr\/politique-en-matiere-de-donnees-privees\/","og_locale":"fr_FR","og_type":"article","og_title":"Politique en mati\u00e8re de donn\u00e9es priv\u00e9es - ELAN","og_description":"ELAN emploie Google Analytics pour r\u00e9aliser une analytique sur notre site web. Nous l\u2019avons mis en oeuvre afin de recueillir des donn\u00e9es sur notre trafic \u00e0 la seule fin d\u2019obtenir une meilleur compr\u00e9hension des besoins des visiteurs \u00e0 notre site web. Google Analytics utilise des cookies pour recueillir de l\u2019information sur vos activit\u00e9s sur notre [&hellip;]","og_url":"https:\/\/www.quebec-elan.org\/fr\/politique-en-matiere-de-donnees-privees\/","og_site_name":"ELAN","twitter_card":"summary_large_image","twitter_misc":{"Dur\u00e9e de lecture estim\u00e9e":"1 minute"},"schema":{"@context":"https:\/\/schema.org","@graph":[{"@type":"WebPage","@id":"https:\/\/www.quebec-elan.org\/fr\/politique-en-matiere-de-donnees-privees\/","url":"https:\/\/www.quebec-elan.org\/fr\/politique-en-matiere-de-donnees-privees\/","name":"Politique en mati\u00e8re de donn\u00e9es priv\u00e9es - ELAN","isPartOf":{"@id":"https:\/\/www.quebec-elan.org\/en\/#website"},"datePublished":"2016-09-02T16:58:36+00:00","breadcrumb":{"@id":"https:\/\/www.quebec-elan.org\/fr\/politique-en-matiere-de-donnees-privees\/#breadcrumb"},"inLanguage":"fr-FR","potentialAction":[{"@type":"ReadAction","target":["https:\/\/www.quebec-elan.org\/fr\/politique-en-matiere-de-donnees-privees\/"]}]},{"@type":"BreadcrumbList","@id":"https:\/\/www.quebec-elan.org\/fr\/politique-en-matiere-de-donnees-privees\/#breadcrumb","itemListElement":[{"@type":"ListItem","position":1,"name":"Home","item":"https:\/\/www.quebec-elan.org\/fr\/"},{"@type":"ListItem","position":2,"name":"Politique en mati\u00e8re de donn\u00e9es priv\u00e9es"}]},{"@type":"WebSite","@id":"https:\/\/www.quebec-elan.org\/en\/#website","url":"https:\/\/www.quebec-elan.org\/en\/","name":"ELAN","description":"English Language Arts Network","publisher":{"@id":"https:\/\/www.quebec-elan.org\/en\/#organization"},"potentialAction":[{"@type":"SearchAction","target":{"@type":"EntryPoint","urlTemplate":"https:\/\/www.quebec-elan.org\/en\/?s={search_term_string}"},"query-input":{"@type":"PropertyValueSpecification","valueRequired":true,"valueName":"search_term_string"}}],"inLanguage":"fr-FR"},{"@type":"Organization","@id":"https:\/\/www.quebec-elan.org\/en\/#organization","name":"ELAN - English Language Arts Network","url":"https:\/\/www.quebec-elan.org\/en\/","logo":{"@type":"ImageObject","inLanguage":"fr-FR","@id":"https:\/\/www.quebec-elan.org\/en\/#\/schema\/logo\/image\/","url":"https:\/\/www.quebec-elan.org\/wp-content\/uploads\/2022\/05\/elan-logo-360.jpg","contentUrl":"https:\/\/www.quebec-elan.org\/wp-content\/uploads\/2022\/05\/elan-logo-360.jpg","width":360,"height":70,"caption":"ELAN - English Language Arts Network"},"image":{"@id":"https:\/\/www.quebec-elan.org\/en\/#\/schema\/logo\/image\/"}}]}},"_links":{"self":[{"href":"https:\/\/www.quebec-elan.org\/fr\/wp-json\/wp\/v2\/pages\/2326","targetHints":{"allow":["GET"]}}],"collection":[{"href":"https:\/\/www.quebec-elan.org\/fr\/wp-json\/wp\/v2\/pages"}],"about":[{"href":"https:\/\/www.quebec-elan.org\/fr\/wp-json\/wp\/v2\/types\/page"}],"author":[{"embeddable":true,"href":"https:\/\/www.quebec-elan.org\/fr\/wp-json\/wp\/v2\/users\/234"}],"replies":[{"embeddable":true,"href":"https:\/\/www.quebec-elan.org\/fr\/wp-json\/wp\/v2\/comments?post=2326"}],"version-history":[{"count":1,"href":"https:\/\/www.quebec-elan.org\/fr\/wp-json\/wp\/v2\/pages\/2326\/revisions"}],"predecessor-version":[{"id":2327,"href":"https:\/\/www.quebec-elan.org\/fr\/wp-json\/wp\/v2\/pages\/2326\/revisions\/2327"}],"wp:attachment":[{"href":"https:\/\/www.quebec-elan.org\/fr\/wp-json\/wp\/v2\/media?parent=2326"}],"curies":[{"name":"wp","href":"https:\/\/api.w.org\/{rel}","templated":true}]}}