{"id":31235,"date":"2019-11-09T17:45:43","date_gmt":"2019-11-09T17:45:43","guid":{"rendered":"https:\/\/www.quebec-elan.org\/?page_id=31235"},"modified":"2019-11-11T20:32:02","modified_gmt":"2019-11-11T20:32:02","slug":"epanouir-quebec","status":"publish","type":"page","link":"https:\/\/www.quebec-elan.org\/fr\/epanouir-quebec\/","title":{"rendered":"S\u2019\u00e9panouir au Qu\u00e9bec"},"content":{"rendered":"\n<style type=\"text\/css\" data-created_by=\"avia_inline_auto\" id=\"style-css-av-k2uvpyft-d8dfb5b0ffebd20749bcc02c8b6ae96d\">\n#top .av-special-heading.av-k2uvpyft-d8dfb5b0ffebd20749bcc02c8b6ae96d{\npadding-bottom:10px;\nfont-size:60px;\n}\nbody .av-special-heading.av-k2uvpyft-d8dfb5b0ffebd20749bcc02c8b6ae96d .av-special-heading-tag .heading-char{\nfont-size:25px;\n}\n#top #wrap_all .av-special-heading.av-k2uvpyft-d8dfb5b0ffebd20749bcc02c8b6ae96d .av-special-heading-tag{\nfont-size:60px;\n}\n.av-special-heading.av-k2uvpyft-d8dfb5b0ffebd20749bcc02c8b6ae96d .av-subheading{\nfont-size:15px;\n}\n\n@media only screen and (min-width: 480px) and (max-width: 767px){ \n#top #wrap_all .av-special-heading.av-k2uvpyft-d8dfb5b0ffebd20749bcc02c8b6ae96d .av-special-heading-tag{\nfont-size:0.8em;\n}\n}\n\n@media only screen and (max-width: 479px){ \n#top #wrap_all .av-special-heading.av-k2uvpyft-d8dfb5b0ffebd20749bcc02c8b6ae96d .av-special-heading-tag{\nfont-size:0.8em;\n}\n}\n<\/style>\n<div  class='av-special-heading av-k2uvpyft-d8dfb5b0ffebd20749bcc02c8b6ae96d av-special-heading-h1 blockquote modern-quote modern-centered  avia-builder-el-0  el_before_av_textblock  avia-builder-el-first  av-inherit-size'><h1 class='av-special-heading-tag '  itemprop=\"headline\"  >S\u2019\u00e9panouir au Qu\u00e9bec<\/h1><div class=\"special-heading-border\"><div class=\"special-heading-inner-border\"><\/div><\/div><\/div>\n<section  class='av_textblock_section av-k2rukn4r-4369d37117ee700c3fd83575d9a08bb0 '   itemscope=\"itemscope\" itemtype=\"https:\/\/schema.org\/CreativeWork\" ><div class='avia_textblock'  itemprop=\"text\" ><p>Pour que les artistes anglophones puissent s\u2019\u00e9panouir au Qu\u00e9bec et contribuer \u00e0 la vitalit\u00e9 de leurs communaut\u00e9s, il appara\u00eet n\u00e9cessaire d\u2019am\u00e9liorer les communications et les relations entre ceux-ci et les d\u00e9cideurs et gestionnaires de programmes au Qu\u00e9bec.<\/p>\n<\/div><\/section>\n<\/div><\/div><\/div><!-- close content main div --><\/div><\/div><div id='av-layout-grid-1'  class='av-layout-grid-container av-11lwdqb-0dc0d9f81aa6ea26303a2ec5a2f67cd1 entry-content-wrapper main_color av-flex-cells  avia-builder-el-2  el_after_av_textblock  el_before_av_layout_row  grid-row-not-first  container_wrap sidebar_right'  >\n\n<style type=\"text\/css\" data-created_by=\"avia_inline_auto\" id=\"style-css-av-vjp0ir-b7c4ababf74d3ae25459aee98c8ba0e6\">\n.flex_cell.av-vjp0ir-b7c4ababf74d3ae25459aee98c8ba0e6{\nvertical-align:top;\n}\n.responsive #top #wrap_all .flex_cell.av-vjp0ir-b7c4ababf74d3ae25459aee98c8ba0e6{\npadding:75px 75px 75px 75px !important;\n}\n<\/style>\n<div class='flex_cell av-vjp0ir-b7c4ababf74d3ae25459aee98c8ba0e6 av-gridrow-cell av_one_half no_margin  avia-builder-el-3  el_before_av_cell_one_half  avia-builder-el-first  content-align-top'  ><div class='flex_cell_inner'><p>\n<style type=\"text\/css\" data-created_by=\"avia_inline_auto\" id=\"style-css-av-av_heading-984410899007d2d311ae07881ecee2fb\">\n#top .av-special-heading.av-av_heading-984410899007d2d311ae07881ecee2fb{\npadding-bottom:10px;\n}\nbody .av-special-heading.av-av_heading-984410899007d2d311ae07881ecee2fb .av-special-heading-tag .heading-char{\nfont-size:25px;\n}\n.av-special-heading.av-av_heading-984410899007d2d311ae07881ecee2fb .av-subheading{\nfont-size:15px;\n}\n<\/style>\n<div  class='av-special-heading av-av_heading-984410899007d2d311ae07881ecee2fb av-special-heading-h1 blockquote modern-quote  avia-builder-el-4  el_before_av_heading  avia-builder-el-first '><h1 class='av-special-heading-tag '  itemprop=\"headline\"  > Sonder la communaut\u00e9<\/h1><div class=\"special-heading-border\"><div class=\"special-heading-inner-border\"><\/div><\/div><\/div><br \/>\n\n<style type=\"text\/css\" data-created_by=\"avia_inline_auto\" id=\"style-css-av-av_heading-1981247ad8898bd46d37b3d2499f3af8\">\n#top .av-special-heading.av-av_heading-1981247ad8898bd46d37b3d2499f3af8{\npadding-bottom:10px;\ncolor:#0054a6;\n}\nbody .av-special-heading.av-av_heading-1981247ad8898bd46d37b3d2499f3af8 .av-special-heading-tag .heading-char{\nfont-size:25px;\n}\n.av-special-heading.av-av_heading-1981247ad8898bd46d37b3d2499f3af8 .special-heading-inner-border{\nborder-color:#0054a6;\n}\n.av-special-heading.av-av_heading-1981247ad8898bd46d37b3d2499f3af8 .av-subheading{\nfont-size:15px;\n}\n<\/style>\n<div  class='av-special-heading av-av_heading-1981247ad8898bd46d37b3d2499f3af8 av-special-heading-h2 custom-color-heading blockquote modern-quote  avia-builder-el-5  el_after_av_heading  el_before_av_textblock '><h2 class='av-special-heading-tag '  itemprop=\"headline\"  >250+ sondages envoy\u00e9s<\/h2><div class=\"special-heading-border\"><div class=\"special-heading-inner-border\"><\/div><\/div><\/div><br \/>\n<section  class='av_textblock_section av-k2rukn4r-4369d37117ee700c3fd83575d9a08bb0 '   itemscope=\"itemscope\" itemtype=\"https:\/\/schema.org\/CreativeWork\" ><div class='avia_textblock'  itemprop=\"text\" ><p>L\u2019ensemble du projet portera sur la collecte de donn\u00e9es concernant les organismes artistiques plut\u00f4t que les artistes individuels. \u00c0 cette fin, nous avons commenc\u00e9 \u00e0 envoyer des sondages \u00e9lectroniques \u00e0 plus de 200 organismes bas\u00e9s au Qu\u00e9bec et \u0153uvrant dans diverses disciplines, et qui se r\u00e9partissent en cinq cat\u00e9gories : associations, entreprises, festivals, maisons de production et salles de spectacle.<\/p>\n<\/div><\/section><\/p>\n<\/div><\/div>\n<style type=\"text\/css\" data-created_by=\"avia_inline_auto\" id=\"style-css-av-k2rum08y-d7d47273fd2afd57351cb2be8ceb7a68\">\n.flex_cell.av-k2rum08y-d7d47273fd2afd57351cb2be8ceb7a68{\nvertical-align:top;\nbackground:url(https:\/\/www.quebec-elan.org\/wp-content\/uploads\/2019\/11\/2018-09-1030x618.jpg) 0% 0% no-repeat scroll ;\n}\n.responsive #top #wrap_all .flex_cell.av-k2rum08y-d7d47273fd2afd57351cb2be8ceb7a68{\npadding:30px 30px 30px 30px !important;\n}\n<\/style>\n<div class='flex_cell av-k2rum08y-d7d47273fd2afd57351cb2be8ceb7a68 av-gridrow-cell av_one_half no_margin  avia-builder-el-7  el_after_av_cell_one_half  avia-builder-el-last  content-align-top avia-full-stretch'  ><div class='flex_cell_inner'><\/div><\/div><\/div><div id='av-layout-grid-2'  class='av-layout-grid-container av-22lowtf-422284cd02d4a854ead660a1c0db0262 entry-content-wrapper main_color av-flex-cells  avia-builder-el-8  el_after_av_layout_row  el_before_av_section  grid-row-not-first  container_wrap sidebar_right'  >\n\n<style type=\"text\/css\" data-created_by=\"avia_inline_auto\" id=\"style-css-av-1rcwamb-11374268238a51964dfbd61ff06dcd94\">\n.flex_cell.av-1rcwamb-11374268238a51964dfbd61ff06dcd94{\nvertical-align:top;\n}\n.responsive #top #wrap_all .flex_cell.av-1rcwamb-11374268238a51964dfbd61ff06dcd94{\npadding:75px 75px 75px 75px !important;\n}\n<\/style>\n<div class='flex_cell av-1rcwamb-11374268238a51964dfbd61ff06dcd94 av-gridrow-cell av_one_half no_margin  avia-builder-el-9  el_before_av_cell_one_half  avia-builder-el-first  content-align-top'  ><div class='flex_cell_inner'>\n<style type=\"text\/css\" data-created_by=\"avia_inline_auto\" id=\"style-css-av-av_heading-5d877428792b7a75007fbbd3a5c66742\">\n#top .av-special-heading.av-av_heading-5d877428792b7a75007fbbd3a5c66742{\npadding-bottom:10px;\n}\nbody .av-special-heading.av-av_heading-5d877428792b7a75007fbbd3a5c66742 .av-special-heading-tag .heading-char{\nfont-size:25px;\n}\n.av-special-heading.av-av_heading-5d877428792b7a75007fbbd3a5c66742 .av-subheading{\nfont-size:15px;\n}\n<\/style>\n<div  class='av-special-heading av-av_heading-5d877428792b7a75007fbbd3a5c66742 av-special-heading-h1 blockquote modern-quote  avia-builder-el-10  avia-builder-el-no-sibling '><h1 class='av-special-heading-tag '  itemprop=\"headline\"  >Au cours des prochains mois, nous contacterons certains de ces r\u00e9pondants pour mener avec eux des entretiens ou des groupes de discussion plus pouss\u00e9s.<\/h1><div class=\"special-heading-border\"><div class=\"special-heading-inner-border\"><\/div><\/div><\/div>\n<\/div><\/div>\n<style type=\"text\/css\" data-created_by=\"avia_inline_auto\" id=\"style-css-av-msza5f-a6f15e36bb79dfff419d301ad0509fc4\">\n.flex_cell.av-msza5f-a6f15e36bb79dfff419d301ad0509fc4{\nvertical-align:top;\n}\n.responsive #top #wrap_all .flex_cell.av-msza5f-a6f15e36bb79dfff419d301ad0509fc4{\npadding:75px 75px 75px 75px !important;\n}\n<\/style>\n<div class='flex_cell av-msza5f-a6f15e36bb79dfff419d301ad0509fc4 av-gridrow-cell av_one_half no_margin  avia-builder-el-11  el_after_av_cell_one_half  avia-builder-el-last  content-align-top'  ><div class='flex_cell_inner'><section  class='av_textblock_section av-k2rukn4r-4369d37117ee700c3fd83575d9a08bb0 '   itemscope=\"itemscope\" itemtype=\"https:\/\/schema.org\/CreativeWork\" ><div class='avia_textblock'  itemprop=\"text\" ><p>En outre, afin de r\u00e9pondre aux besoins exprim\u00e9s dans les r\u00e9ponses \u00e0 ce sondage, ELAN a identifi\u00e9 plus de 100 sources de financement au niveau provincial, provenant d\u2019organismes tels que le CALQ, la SODEC, le minist\u00e8re de la Culture et des Communications, le minist\u00e8re du Tourisme et Emploi Qu\u00e9bec. Nous sommes en train de traduire et de mettre en page des r\u00e9sum\u00e9s de la documentation \u00e9mise par ces programmes afin de la rendre plus accessible aux organismes artistiques anglophones.<\/p>\n<\/div><\/section>\n<\/div><\/div><\/div>\n<style type=\"text\/css\" data-created_by=\"avia_inline_auto\" id=\"style-css-av-k2rv73al-ec5cf3ae6ec6e32ebde7843ad41d03f0\">\n.avia-section.av-k2rv73al-ec5cf3ae6ec6e32ebde7843ad41d03f0{\nbackground-color:#000000;\nbackground-image:unset;\n}\n<\/style>\n<div id='av_section_1'  class='avia-section av-k2rv73al-ec5cf3ae6ec6e32ebde7843ad41d03f0 main_color avia-section-default avia-no-border-styling  avia-builder-el-13  el_after_av_layout_row  avia-builder-el-last  avia-bg-style-scroll container_wrap sidebar_right'  ><div class='container av-section-cont-open' ><div class='template-page content  av-content-small alpha units'><div class='post-entry post-entry-type-page post-entry-31235'><div class='entry-content-wrapper clearfix'>\n\n<style type=\"text\/css\" data-created_by=\"avia_inline_auto\" id=\"style-css-av-10o0ter-24de4e0e1e7fe4146ac28514b4193936\">\n.flex_column.av-10o0ter-24de4e0e1e7fe4146ac28514b4193936{\nborder-radius:0px 0px 0px 0px;\npadding:0px 0px 0px 0px;\n}\n<\/style>\n<div  class='flex_column av-10o0ter-24de4e0e1e7fe4146ac28514b4193936 av_one_half  avia-builder-el-14  el_before_av_one_half  avia-builder-el-first  first flex_column_div av-zero-column-padding  '     ><style type=\"text\/css\" data-created_by=\"avia_inline_auto\" id=\"style-css-av-k2rvar2g-0085bc935d769bf264a75fa224c2ee99\">\n.avia-image-container.av-k2rvar2g-0085bc935d769bf264a75fa224c2ee99 img.avia_image{\nbox-shadow:none;\n}\n.avia-image-container.av-k2rvar2g-0085bc935d769bf264a75fa224c2ee99 .av-image-caption-overlay-center{\ncolor:#ffffff;\n}\n<\/style>\n<div  class='avia-image-container av-k2rvar2g-0085bc935d769bf264a75fa224c2ee99 av-styling- avia-align-center  avia-builder-el-15  avia-builder-el-no-sibling '   itemprop=\"image\" itemscope=\"itemscope\" itemtype=\"https:\/\/schema.org\/ImageObject\" ><div class=\"avia-image-container-inner\"><div class=\"avia-image-overlay-wrap\"><img fetchpriority=\"high\" decoding=\"async\" fetchpriority=\"high\" fetchpriority=\"high\" class='wp-image-30787 avia-img-lazy-loading-not-30787 avia_image ' src=\"https:\/\/www.quebec-elan.org\/wp-content\/uploads\/2019\/10\/2017-14-1030x620.jpg\" alt='' title='2017-14'  height=\"620\" width=\"1030\"  itemprop=\"thumbnailUrl\" srcset=\"https:\/\/www.quebec-elan.org\/wp-content\/uploads\/2019\/10\/2017-14-1030x620.jpg 1030w, https:\/\/www.quebec-elan.org\/wp-content\/uploads\/2019\/10\/2017-14-scaled-600x361.jpg 600w, https:\/\/www.quebec-elan.org\/wp-content\/uploads\/2019\/10\/2017-14-300x180.jpg 300w, https:\/\/www.quebec-elan.org\/wp-content\/uploads\/2019\/10\/2017-14-768x462.jpg 768w, https:\/\/www.quebec-elan.org\/wp-content\/uploads\/2019\/10\/2017-14-1500x902.jpg 1500w, https:\/\/www.quebec-elan.org\/wp-content\/uploads\/2019\/10\/2017-14-705x424.jpg 705w, https:\/\/www.quebec-elan.org\/wp-content\/uploads\/2019\/10\/2017-14-450x271.jpg 450w, https:\/\/www.quebec-elan.org\/wp-content\/uploads\/2019\/10\/2017-14-scaled.jpg 1450w\" sizes=\"(max-width: 1030px) 100vw, 1030px\" \/><\/div><\/div><\/div><\/div>\n<style type=\"text\/css\" data-created_by=\"avia_inline_auto\" id=\"style-css-av-uf5e83-30884f327774d7d967f7aabd224d3f12\">\n.flex_column.av-uf5e83-30884f327774d7d967f7aabd224d3f12{\nborder-radius:0px 0px 0px 0px;\npadding:0px 0px 0px 0px;\n}\n<\/style>\n<div  class='flex_column av-uf5e83-30884f327774d7d967f7aabd224d3f12 av_one_half  avia-builder-el-16  el_after_av_one_half  avia-builder-el-last  flex_column_div av-zero-column-padding  '     ><p>\n<style type=\"text\/css\" data-created_by=\"avia_inline_auto\" id=\"style-css-av-w2v677-1ae446171bc728167b5abe796d02bef2\">\n#top .av-special-heading.av-w2v677-1ae446171bc728167b5abe796d02bef2{\npadding-bottom:10px;\ncolor:#ffffff;\n}\nbody .av-special-heading.av-w2v677-1ae446171bc728167b5abe796d02bef2 .av-special-heading-tag .heading-char{\nfont-size:25px;\n}\n.av-special-heading.av-w2v677-1ae446171bc728167b5abe796d02bef2 .special-heading-inner-border{\nborder-color:#ffffff;\n}\n.av-special-heading.av-w2v677-1ae446171bc728167b5abe796d02bef2 .av-subheading{\nfont-size:15px;\n}\n<\/style>\n<div  class='av-special-heading av-w2v677-1ae446171bc728167b5abe796d02bef2 av-special-heading-h1 custom-color-heading blockquote modern-quote  avia-builder-el-17  el_before_av_textblock  avia-builder-el-first '><h1 class='av-special-heading-tag '  itemprop=\"headline\"  >Collaboration culturelle<\/h1><div class=\"special-heading-border\"><div class=\"special-heading-inner-border\"><\/div><\/div><\/div><br \/>\n\n<style type=\"text\/css\" data-created_by=\"avia_inline_auto\" id=\"style-css-av-k2rukn4r-0f4eb302a1f4b2163353ee2c1b198fe6\">\n#top .av_textblock_section.av-k2rukn4r-0f4eb302a1f4b2163353ee2c1b198fe6 .avia_textblock{\ncolor:#ffffff;\n}\n<\/style>\n<section  class='av_textblock_section av-k2rukn4r-0f4eb302a1f4b2163353ee2c1b198fe6 '   itemscope=\"itemscope\" itemtype=\"https:\/\/schema.org\/CreativeWork\" ><div class='avia_textblock av_inherit_color'  itemprop=\"text\" ><p>ELAN a d\u00e9j\u00e0 mis en place un groupe de travail sur les arts, la culture et le patrimoine avec les d\u00e9cideurs du gouvernement f\u00e9d\u00e9ral. Le projet sur les relations avec les d\u00e9cideurs qu\u00e9b\u00e9cois vise maintenant \u00e0 d\u00e9velopper de meilleures relations de travail avec les agences et les minist\u00e8res du gouvernement provincial.<\/p>\n<p>Cela implique notamment de recueillir des donn\u00e9es sur les demandeurs et les b\u00e9n\u00e9ficiaires de bourses attribu\u00e9es par les diff\u00e9rents programmes des minist\u00e8res et organismes du Qu\u00e9bec afin d\u2019identifier quels sont les probl\u00e8mes ou lacunes li\u00e9s \u00e0 ces services, ainsi que les besoins de la communaut\u00e9 \u00e0 cet \u00e9gard.<\/p>\n<\/div><\/section><\/p><\/div>\n<\/div><\/div><\/div><!-- close content main div --><\/div><\/div><div id='after_section_1'  class='main_color av_default_container_wrap container_wrap sidebar_right'  ><div class='container av-section-cont-open' ><div class='template-page content  av-content-small alpha units'><div class='post-entry post-entry-type-page post-entry-31235'><div class='entry-content-wrapper clearfix'><\/p>\n","protected":false},"excerpt":{"rendered":"","protected":false},"author":234,"featured_media":0,"parent":0,"menu_order":10,"comment_status":"closed","ping_status":"closed","template":"","meta":{"footnotes":""},"class_list":["post-31235","page","type-page","status-publish","hentry"],"yoast_head":"<!-- This site is optimized with the Yoast SEO plugin v27.3 - https:\/\/yoast.com\/product\/yoast-seo-wordpress\/ -->\n<title>S\u2019\u00e9panouir au Qu\u00e9bec - ELAN<\/title>\n<meta name=\"robots\" content=\"index, follow, max-snippet:-1, max-image-preview:large, max-video-preview:-1\" \/>\n<link rel=\"canonical\" href=\"https:\/\/www.quebec-elan.org\/fr\/epanouir-quebec\/\" \/>\n<meta property=\"og:locale\" content=\"fr_FR\" \/>\n<meta property=\"og:type\" content=\"article\" \/>\n<meta property=\"og:title\" content=\"S\u2019\u00e9panouir au Qu\u00e9bec - ELAN\" \/>\n<meta property=\"og:url\" content=\"https:\/\/www.quebec-elan.org\/fr\/epanouir-quebec\/\" \/>\n<meta property=\"og:site_name\" content=\"ELAN\" \/>\n<meta property=\"article:modified_time\" content=\"2019-11-11T20:32:02+00:00\" \/>\n<meta name=\"twitter:card\" content=\"summary_large_image\" \/>\n<meta name=\"twitter:label1\" content=\"Dur\u00e9e de lecture estim\u00e9e\" \/>\n\t<meta name=\"twitter:data1\" content=\"8 minutes\" \/>\n<script type=\"application\/ld+json\" class=\"yoast-schema-graph\">{\"@context\":\"https:\\\/\\\/schema.org\",\"@graph\":[{\"@type\":\"WebPage\",\"@id\":\"https:\\\/\\\/www.quebec-elan.org\\\/fr\\\/epanouir-quebec\\\/\",\"url\":\"https:\\\/\\\/www.quebec-elan.org\\\/fr\\\/epanouir-quebec\\\/\",\"name\":\"S\u2019\u00e9panouir au Qu\u00e9bec - ELAN\",\"isPartOf\":{\"@id\":\"https:\\\/\\\/www.quebec-elan.org\\\/en\\\/#website\"},\"datePublished\":\"2019-11-09T17:45:43+00:00\",\"dateModified\":\"2019-11-11T20:32:02+00:00\",\"breadcrumb\":{\"@id\":\"https:\\\/\\\/www.quebec-elan.org\\\/fr\\\/epanouir-quebec\\\/#breadcrumb\"},\"inLanguage\":\"fr-FR\",\"potentialAction\":[{\"@type\":\"ReadAction\",\"target\":[\"https:\\\/\\\/www.quebec-elan.org\\\/fr\\\/epanouir-quebec\\\/\"]}]},{\"@type\":\"BreadcrumbList\",\"@id\":\"https:\\\/\\\/www.quebec-elan.org\\\/fr\\\/epanouir-quebec\\\/#breadcrumb\",\"itemListElement\":[{\"@type\":\"ListItem\",\"position\":1,\"name\":\"Home\",\"item\":\"https:\\\/\\\/www.quebec-elan.org\\\/fr\\\/\"},{\"@type\":\"ListItem\",\"position\":2,\"name\":\"S\u2019\u00e9panouir au Qu\u00e9bec\"}]},{\"@type\":\"WebSite\",\"@id\":\"https:\\\/\\\/www.quebec-elan.org\\\/en\\\/#website\",\"url\":\"https:\\\/\\\/www.quebec-elan.org\\\/en\\\/\",\"name\":\"ELAN\",\"description\":\"English Language Arts Network\",\"publisher\":{\"@id\":\"https:\\\/\\\/www.quebec-elan.org\\\/en\\\/#organization\"},\"potentialAction\":[{\"@type\":\"SearchAction\",\"target\":{\"@type\":\"EntryPoint\",\"urlTemplate\":\"https:\\\/\\\/www.quebec-elan.org\\\/en\\\/?s={search_term_string}\"},\"query-input\":{\"@type\":\"PropertyValueSpecification\",\"valueRequired\":true,\"valueName\":\"search_term_string\"}}],\"inLanguage\":\"fr-FR\"},{\"@type\":\"Organization\",\"@id\":\"https:\\\/\\\/www.quebec-elan.org\\\/en\\\/#organization\",\"name\":\"ELAN - English Language Arts Network\",\"url\":\"https:\\\/\\\/www.quebec-elan.org\\\/en\\\/\",\"logo\":{\"@type\":\"ImageObject\",\"inLanguage\":\"fr-FR\",\"@id\":\"https:\\\/\\\/www.quebec-elan.org\\\/en\\\/#\\\/schema\\\/logo\\\/image\\\/\",\"url\":\"https:\\\/\\\/www.quebec-elan.org\\\/wp-content\\\/uploads\\\/2022\\\/05\\\/elan-logo-360.jpg\",\"contentUrl\":\"https:\\\/\\\/www.quebec-elan.org\\\/wp-content\\\/uploads\\\/2022\\\/05\\\/elan-logo-360.jpg\",\"width\":360,\"height\":70,\"caption\":\"ELAN - English Language Arts Network\"},\"image\":{\"@id\":\"https:\\\/\\\/www.quebec-elan.org\\\/en\\\/#\\\/schema\\\/logo\\\/image\\\/\"}}]}<\/script>\n<!-- \/ Yoast SEO plugin. -->","yoast_head_json":{"title":"S\u2019\u00e9panouir au Qu\u00e9bec - ELAN","robots":{"index":"index","follow":"follow","max-snippet":"max-snippet:-1","max-image-preview":"max-image-preview:large","max-video-preview":"max-video-preview:-1"},"canonical":"https:\/\/www.quebec-elan.org\/fr\/epanouir-quebec\/","og_locale":"fr_FR","og_type":"article","og_title":"S\u2019\u00e9panouir au Qu\u00e9bec - ELAN","og_url":"https:\/\/www.quebec-elan.org\/fr\/epanouir-quebec\/","og_site_name":"ELAN","article_modified_time":"2019-11-11T20:32:02+00:00","twitter_card":"summary_large_image","twitter_misc":{"Dur\u00e9e de lecture estim\u00e9e":"8 minutes"},"schema":{"@context":"https:\/\/schema.org","@graph":[{"@type":"WebPage","@id":"https:\/\/www.quebec-elan.org\/fr\/epanouir-quebec\/","url":"https:\/\/www.quebec-elan.org\/fr\/epanouir-quebec\/","name":"S\u2019\u00e9panouir au Qu\u00e9bec - ELAN","isPartOf":{"@id":"https:\/\/www.quebec-elan.org\/en\/#website"},"datePublished":"2019-11-09T17:45:43+00:00","dateModified":"2019-11-11T20:32:02+00:00","breadcrumb":{"@id":"https:\/\/www.quebec-elan.org\/fr\/epanouir-quebec\/#breadcrumb"},"inLanguage":"fr-FR","potentialAction":[{"@type":"ReadAction","target":["https:\/\/www.quebec-elan.org\/fr\/epanouir-quebec\/"]}]},{"@type":"BreadcrumbList","@id":"https:\/\/www.quebec-elan.org\/fr\/epanouir-quebec\/#breadcrumb","itemListElement":[{"@type":"ListItem","position":1,"name":"Home","item":"https:\/\/www.quebec-elan.org\/fr\/"},{"@type":"ListItem","position":2,"name":"S\u2019\u00e9panouir au Qu\u00e9bec"}]},{"@type":"WebSite","@id":"https:\/\/www.quebec-elan.org\/en\/#website","url":"https:\/\/www.quebec-elan.org\/en\/","name":"ELAN","description":"English Language Arts Network","publisher":{"@id":"https:\/\/www.quebec-elan.org\/en\/#organization"},"potentialAction":[{"@type":"SearchAction","target":{"@type":"EntryPoint","urlTemplate":"https:\/\/www.quebec-elan.org\/en\/?s={search_term_string}"},"query-input":{"@type":"PropertyValueSpecification","valueRequired":true,"valueName":"search_term_string"}}],"inLanguage":"fr-FR"},{"@type":"Organization","@id":"https:\/\/www.quebec-elan.org\/en\/#organization","name":"ELAN - English Language Arts Network","url":"https:\/\/www.quebec-elan.org\/en\/","logo":{"@type":"ImageObject","inLanguage":"fr-FR","@id":"https:\/\/www.quebec-elan.org\/en\/#\/schema\/logo\/image\/","url":"https:\/\/www.quebec-elan.org\/wp-content\/uploads\/2022\/05\/elan-logo-360.jpg","contentUrl":"https:\/\/www.quebec-elan.org\/wp-content\/uploads\/2022\/05\/elan-logo-360.jpg","width":360,"height":70,"caption":"ELAN - English Language Arts Network"},"image":{"@id":"https:\/\/www.quebec-elan.org\/en\/#\/schema\/logo\/image\/"}}]}},"_links":{"self":[{"href":"https:\/\/www.quebec-elan.org\/fr\/wp-json\/wp\/v2\/pages\/31235","targetHints":{"allow":["GET"]}}],"collection":[{"href":"https:\/\/www.quebec-elan.org\/fr\/wp-json\/wp\/v2\/pages"}],"about":[{"href":"https:\/\/www.quebec-elan.org\/fr\/wp-json\/wp\/v2\/types\/page"}],"author":[{"embeddable":true,"href":"https:\/\/www.quebec-elan.org\/fr\/wp-json\/wp\/v2\/users\/234"}],"replies":[{"embeddable":true,"href":"https:\/\/www.quebec-elan.org\/fr\/wp-json\/wp\/v2\/comments?post=31235"}],"version-history":[{"count":11,"href":"https:\/\/www.quebec-elan.org\/fr\/wp-json\/wp\/v2\/pages\/31235\/revisions"}],"predecessor-version":[{"id":61501,"href":"https:\/\/www.quebec-elan.org\/fr\/wp-json\/wp\/v2\/pages\/31235\/revisions\/61501"}],"wp:attachment":[{"href":"https:\/\/www.quebec-elan.org\/fr\/wp-json\/wp\/v2\/media?parent=31235"}],"curies":[{"name":"wp","href":"https:\/\/api.w.org\/{rel}","templated":true}]}}