{"id":42682,"date":"2022-07-01T09:19:06","date_gmt":"2022-07-01T13:19:06","guid":{"rendered":"https:\/\/www.quebec-elan.org\/?page_id=42682"},"modified":"2022-07-01T09:24:20","modified_gmt":"2022-07-01T13:24:20","slug":"career-labs","status":"publish","type":"page","link":"https:\/\/www.quebec-elan.org\/fr\/career-labs\/","title":{"rendered":"Labos Carri\u00e8re"},"content":{"rendered":"\n<style type=\"text\/css\" data-created_by=\"avia_inline_auto\" id=\"style-css-av-l52hferw-06b0839d92da9b6f0d0cdb43e6886058\">\n#top .av-special-heading.av-l52hferw-06b0839d92da9b6f0d0cdb43e6886058{\npadding-bottom:10px;\nfont-size:60px;\n}\nbody .av-special-heading.av-l52hferw-06b0839d92da9b6f0d0cdb43e6886058 .av-special-heading-tag .heading-char{\nfont-size:25px;\n}\n#top #wrap_all .av-special-heading.av-l52hferw-06b0839d92da9b6f0d0cdb43e6886058 .av-special-heading-tag{\nfont-size:60px;\n}\n.av-special-heading.av-l52hferw-06b0839d92da9b6f0d0cdb43e6886058 .av-subheading{\nfont-size:15px;\n}\n\n@media only screen and (min-width: 480px) and (max-width: 767px){ \n#top #wrap_all .av-special-heading.av-l52hferw-06b0839d92da9b6f0d0cdb43e6886058 .av-special-heading-tag{\nfont-size:0.8em;\n}\n}\n\n@media only screen and (max-width: 479px){ \n#top #wrap_all .av-special-heading.av-l52hferw-06b0839d92da9b6f0d0cdb43e6886058 .av-special-heading-tag{\nfont-size:0.8em;\n}\n}\n<\/style>\n<div  class='av-special-heading av-l52hferw-06b0839d92da9b6f0d0cdb43e6886058 av-special-heading-h1 blockquote modern-quote modern-centered  avia-builder-el-0  el_before_av_hr  avia-builder-el-first  av-inherit-size'><h1 class='av-special-heading-tag '  itemprop=\"headline\"  >Labos Carri\u00e8re<\/h1><div class=\"special-heading-border\"><div class=\"special-heading-inner-border\"><\/div><\/div><\/div>\n\n<style type=\"text\/css\" data-created_by=\"avia_inline_auto\" id=\"style-css-av-jxdkv9k5-b3ca4e53807e9dfddb9116a259375016\">\n#top .hr.hr-invisible.av-jxdkv9k5-b3ca4e53807e9dfddb9116a259375016{\nheight:50px;\n}\n<\/style>\n<div  class='hr av-jxdkv9k5-b3ca4e53807e9dfddb9116a259375016 hr-invisible  avia-builder-el-1  el_after_av_heading  el_before_av_one_fifth '><span class='hr-inner '><span class=\"hr-inner-style\"><\/span><\/span><\/div>\n\n<style type=\"text\/css\" data-created_by=\"avia_inline_auto\" id=\"style-css-av-2if7uxf-34da1e613b188c653ca6ceb9d02cc3f0\">\n.flex_column.av-2if7uxf-34da1e613b188c653ca6ceb9d02cc3f0{\nborder-radius:0px 0px 0px 0px;\npadding:0px 0px 0px 0px;\n}\n<\/style>\n<div  class='flex_column av-2if7uxf-34da1e613b188c653ca6ceb9d02cc3f0 av_one_fifth  avia-builder-el-2  el_after_av_hr  el_before_av_three_fifth  first flex_column_div av-zero-column-padding  '     ><\/div>\n\n<style type=\"text\/css\" data-created_by=\"avia_inline_auto\" id=\"style-css-av-3bk7ho3-9baa6346481df879ea3da47ddc1c2ca7\">\n.flex_column.av-3bk7ho3-9baa6346481df879ea3da47ddc1c2ca7{\nborder-radius:0px 0px 0px 0px;\npadding:0px 0px 0px 0px;\n}\n<\/style>\n<div  class='flex_column av-3bk7ho3-9baa6346481df879ea3da47ddc1c2ca7 av_three_fifth  avia-builder-el-3  el_after_av_one_fifth  el_before_av_one_fifth  flex_column_div av-zero-column-padding  '     ><p>\n<style type=\"text\/css\" data-created_by=\"avia_inline_auto\" id=\"style-css-av-k5y3czom-ce216d2bd62fad692e771817c3af6d38\">\n#top .av-special-heading.av-k5y3czom-ce216d2bd62fad692e771817c3af6d38{\npadding-bottom:10px;\n}\nbody .av-special-heading.av-k5y3czom-ce216d2bd62fad692e771817c3af6d38 .av-special-heading-tag .heading-char{\nfont-size:25px;\n}\n.av-special-heading.av-k5y3czom-ce216d2bd62fad692e771817c3af6d38 .av-subheading{\nfont-size:15px;\n}\n<\/style>\n<div  class='av-special-heading av-k5y3czom-ce216d2bd62fad692e771817c3af6d38 av-special-heading-h2 blockquote modern-quote  avia-builder-el-4  el_before_av_textblock  avia-builder-el-first '><h2 class='av-special-heading-tag '  itemprop=\"headline\"  >Les labos carri\u00e8re pr\u00e9sent\u00e9s par ELAN suscitent des \u00e9changes entre les artistes \u00e9mergents et ceux qui ont \u00e9tabli une solide carri\u00e8re \u00e0 partir de Montr\u00e9al.<\/h2><div class=\"special-heading-border\"><div class=\"special-heading-inner-border\"><\/div><\/div><\/div><br \/>\n<section  class='av_textblock_section av-32dh74j-94c392de6e07a4f0b0ee00251efb92a6 '   itemscope=\"itemscope\" itemtype=\"https:\/\/schema.org\/CreativeWork\" ><div class='avia_textblock'  itemprop=\"text\" ><p>Chaque labo aborde, gr\u00e2ce \u00e0 des discussions ouvertes, franches et concr\u00e8tes, des sujets d\u00e9licats qui touchent les artistes\u00a0: g\u00e9rer son argent (ou le manque d\u2019argent), parler de son travail, pr\u00e9server l\u2019\u00e9quilibre, apprendre de ses \u00e9checs, \u00e9tablir un r\u00e9seau de soutien, d\u00e9fendre ses id\u00e9es et bien d\u2019autres.<\/p>\n<p>\u00c0 la fois atelier, conf\u00e9rence d\u2019artiste et table ronde,\u00a0les labos carri\u00e8re vous offriront des suggestions, des astuces, des r\u00e9flexions et des id\u00e9es pour vous aider \u00e0 tracer votre voie et \u00e0 faire carri\u00e8re comme artiste \u00e0 Montr\u00e9al.<\/p>\n<p>Veuillez noter que la priorit\u00e9 sera accord\u00e9e aux <strong>artistes \u00e9mergents<\/strong> qui sont encore au tout d\u00e9but de leur carri\u00e8re artistique.<\/p>\n<\/div><\/section><\/p><\/div>\n\n<style type=\"text\/css\" data-created_by=\"avia_inline_auto\" id=\"style-css-av-2if7uxf-127691a1681999a475ceb0e1b821dc29\">\n.flex_column.av-2if7uxf-127691a1681999a475ceb0e1b821dc29{\nborder-radius:0px 0px 0px 0px;\npadding:0px 0px 0px 0px;\n}\n<\/style>\n<div  class='flex_column av-2if7uxf-127691a1681999a475ceb0e1b821dc29 av_one_fifth  avia-builder-el-6  el_after_av_three_fifth  el_before_av_one_full  flex_column_div av-zero-column-padding  '     ><\/div>\n\n<style type=\"text\/css\" data-created_by=\"avia_inline_auto\" id=\"style-css-av-mr48j-8d92511357d985681f5daf16274b147d\">\n.flex_column.av-mr48j-8d92511357d985681f5daf16274b147d{\nborder-radius:0px 0px 0px 0px;\npadding:0px 0px 0px 0px;\n}\n<\/style>\n<div  class='flex_column av-mr48j-8d92511357d985681f5daf16274b147d av_one_full  avia-builder-el-7  el_after_av_one_fifth  avia-builder-el-last  first flex_column_div av-zero-column-padding  column-top-margin'     ><section  class='av_textblock_section av-1a1la8j-373189b6af0fccada551067cae420378 '   itemscope=\"itemscope\" itemtype=\"https:\/\/schema.org\/CreativeWork\" ><div class='avia_textblock'  itemprop=\"text\" ><p style=\"text-align: center;\"><em>ELAN`s Career Labs is made possible with the support of the Conseil des arts de Montr\u00e9al.<\/em><\/p>\n<\/div><\/section><br \/>\n\n<style type=\"text\/css\" data-created_by=\"avia_inline_auto\" id=\"style-css-av-35906r-d6bb1e2048fec6deaa3302dde9fc2cf2\">\n.avia-image-container.av-35906r-d6bb1e2048fec6deaa3302dde9fc2cf2 img.avia_image{\nbox-shadow:none;\n}\n.avia-image-container.av-35906r-d6bb1e2048fec6deaa3302dde9fc2cf2 .av-image-caption-overlay-center{\ncolor:#ffffff;\n}\n<\/style>\n<div  class='avia-image-container av-35906r-d6bb1e2048fec6deaa3302dde9fc2cf2 av-styling- avia-align-center  avia-builder-el-9  el_after_av_textblock  avia-builder-el-last '   itemprop=\"image\" itemscope=\"itemscope\" itemtype=\"https:\/\/schema.org\/ImageObject\" ><div class=\"avia-image-container-inner\"><div class=\"avia-image-overlay-wrap\"><img fetchpriority=\"high\" decoding=\"async\" fetchpriority=\"high\" fetchpriority=\"high\" class='wp-image-24975 avia-img-lazy-loading-not-24975 avia_image ' src=\"https:\/\/www.quebec-elan.org\/wp-content\/uploads\/2018\/01\/CAM_Logo_CMYK-279x300.png\" alt='' title='CAM_Logo_CMYK'  height=\"300\" width=\"279\"  itemprop=\"thumbnailUrl\" srcset=\"https:\/\/www.quebec-elan.org\/wp-content\/uploads\/2018\/01\/CAM_Logo_CMYK-279x300.png 279w, https:\/\/www.quebec-elan.org\/wp-content\/uploads\/2018\/01\/CAM_Logo_CMYK-600x646.png 600w, https:\/\/www.quebec-elan.org\/wp-content\/uploads\/2018\/01\/CAM_Logo_CMYK-768x827.png 768w, https:\/\/www.quebec-elan.org\/wp-content\/uploads\/2018\/01\/CAM_Logo_CMYK-655x705.png 655w, https:\/\/www.quebec-elan.org\/wp-content\/uploads\/2018\/01\/CAM_Logo_CMYK-450x484.png 450w, https:\/\/www.quebec-elan.org\/wp-content\/uploads\/2018\/01\/CAM_Logo_CMYK.png 849w\" sizes=\"(max-width: 279px) 100vw, 279px\" \/><\/div><\/div><\/div><\/p><\/div>\n","protected":false},"excerpt":{"rendered":"","protected":false},"author":5455,"featured_media":0,"parent":0,"menu_order":145,"comment_status":"closed","ping_status":"closed","template":"","meta":{"footnotes":""},"class_list":["post-42682","page","type-page","status-publish","hentry"],"yoast_head":"<!-- This site is optimized with the Yoast SEO plugin v27.5 - https:\/\/yoast.com\/product\/yoast-seo-wordpress\/ -->\n<title>Labos Carri\u00e8re - ELAN<\/title>\n<meta name=\"robots\" content=\"index, follow, max-snippet:-1, max-image-preview:large, max-video-preview:-1\" \/>\n<link rel=\"canonical\" href=\"https:\/\/www.quebec-elan.org\/fr\/career-labs\/\" \/>\n<meta property=\"og:locale\" content=\"fr_FR\" \/>\n<meta property=\"og:type\" content=\"article\" \/>\n<meta property=\"og:title\" content=\"Labos Carri\u00e8re - ELAN\" \/>\n<meta property=\"og:url\" content=\"https:\/\/www.quebec-elan.org\/fr\/career-labs\/\" \/>\n<meta property=\"og:site_name\" content=\"ELAN\" \/>\n<meta property=\"article:modified_time\" content=\"2022-07-01T13:24:20+00:00\" \/>\n<meta name=\"twitter:card\" content=\"summary_large_image\" \/>\n<meta name=\"twitter:label1\" content=\"Dur\u00e9e de lecture estim\u00e9e\" \/>\n\t<meta name=\"twitter:data1\" content=\"2 minutes\" \/>\n<script type=\"application\/ld+json\" class=\"yoast-schema-graph\">{\"@context\":\"https:\\\/\\\/schema.org\",\"@graph\":[{\"@type\":\"WebPage\",\"@id\":\"https:\\\/\\\/www.quebec-elan.org\\\/fr\\\/career-labs\\\/\",\"url\":\"https:\\\/\\\/www.quebec-elan.org\\\/fr\\\/career-labs\\\/\",\"name\":\"Labos Carri\u00e8re - ELAN\",\"isPartOf\":{\"@id\":\"https:\\\/\\\/www.quebec-elan.org\\\/en\\\/#website\"},\"datePublished\":\"2022-07-01T13:19:06+00:00\",\"dateModified\":\"2022-07-01T13:24:20+00:00\",\"breadcrumb\":{\"@id\":\"https:\\\/\\\/www.quebec-elan.org\\\/fr\\\/career-labs\\\/#breadcrumb\"},\"inLanguage\":\"fr-FR\",\"potentialAction\":[{\"@type\":\"ReadAction\",\"target\":[\"https:\\\/\\\/www.quebec-elan.org\\\/fr\\\/career-labs\\\/\"]}]},{\"@type\":\"BreadcrumbList\",\"@id\":\"https:\\\/\\\/www.quebec-elan.org\\\/fr\\\/career-labs\\\/#breadcrumb\",\"itemListElement\":[{\"@type\":\"ListItem\",\"position\":1,\"name\":\"Home\",\"item\":\"https:\\\/\\\/www.quebec-elan.org\\\/fr\\\/\"},{\"@type\":\"ListItem\",\"position\":2,\"name\":\"Labos Carri\u00e8re\"}]},{\"@type\":\"WebSite\",\"@id\":\"https:\\\/\\\/www.quebec-elan.org\\\/en\\\/#website\",\"url\":\"https:\\\/\\\/www.quebec-elan.org\\\/en\\\/\",\"name\":\"ELAN\",\"description\":\"English Language Arts Network\",\"publisher\":{\"@id\":\"https:\\\/\\\/www.quebec-elan.org\\\/en\\\/#organization\"},\"potentialAction\":[{\"@type\":\"SearchAction\",\"target\":{\"@type\":\"EntryPoint\",\"urlTemplate\":\"https:\\\/\\\/www.quebec-elan.org\\\/en\\\/?s={search_term_string}\"},\"query-input\":{\"@type\":\"PropertyValueSpecification\",\"valueRequired\":true,\"valueName\":\"search_term_string\"}}],\"inLanguage\":\"fr-FR\"},{\"@type\":\"Organization\",\"@id\":\"https:\\\/\\\/www.quebec-elan.org\\\/en\\\/#organization\",\"name\":\"ELAN - English Language Arts Network\",\"url\":\"https:\\\/\\\/www.quebec-elan.org\\\/en\\\/\",\"logo\":{\"@type\":\"ImageObject\",\"inLanguage\":\"fr-FR\",\"@id\":\"https:\\\/\\\/www.quebec-elan.org\\\/en\\\/#\\\/schema\\\/logo\\\/image\\\/\",\"url\":\"https:\\\/\\\/www.quebec-elan.org\\\/wp-content\\\/uploads\\\/2022\\\/05\\\/elan-logo-360.jpg\",\"contentUrl\":\"https:\\\/\\\/www.quebec-elan.org\\\/wp-content\\\/uploads\\\/2022\\\/05\\\/elan-logo-360.jpg\",\"width\":360,\"height\":70,\"caption\":\"ELAN - English Language Arts Network\"},\"image\":{\"@id\":\"https:\\\/\\\/www.quebec-elan.org\\\/en\\\/#\\\/schema\\\/logo\\\/image\\\/\"}}]}<\/script>\n<!-- \/ Yoast SEO plugin. -->","yoast_head_json":{"title":"Labos Carri\u00e8re - ELAN","robots":{"index":"index","follow":"follow","max-snippet":"max-snippet:-1","max-image-preview":"max-image-preview:large","max-video-preview":"max-video-preview:-1"},"canonical":"https:\/\/www.quebec-elan.org\/fr\/career-labs\/","og_locale":"fr_FR","og_type":"article","og_title":"Labos Carri\u00e8re - ELAN","og_url":"https:\/\/www.quebec-elan.org\/fr\/career-labs\/","og_site_name":"ELAN","article_modified_time":"2022-07-01T13:24:20+00:00","twitter_card":"summary_large_image","twitter_misc":{"Dur\u00e9e de lecture estim\u00e9e":"2 minutes"},"schema":{"@context":"https:\/\/schema.org","@graph":[{"@type":"WebPage","@id":"https:\/\/www.quebec-elan.org\/fr\/career-labs\/","url":"https:\/\/www.quebec-elan.org\/fr\/career-labs\/","name":"Labos Carri\u00e8re - ELAN","isPartOf":{"@id":"https:\/\/www.quebec-elan.org\/en\/#website"},"datePublished":"2022-07-01T13:19:06+00:00","dateModified":"2022-07-01T13:24:20+00:00","breadcrumb":{"@id":"https:\/\/www.quebec-elan.org\/fr\/career-labs\/#breadcrumb"},"inLanguage":"fr-FR","potentialAction":[{"@type":"ReadAction","target":["https:\/\/www.quebec-elan.org\/fr\/career-labs\/"]}]},{"@type":"BreadcrumbList","@id":"https:\/\/www.quebec-elan.org\/fr\/career-labs\/#breadcrumb","itemListElement":[{"@type":"ListItem","position":1,"name":"Home","item":"https:\/\/www.quebec-elan.org\/fr\/"},{"@type":"ListItem","position":2,"name":"Labos Carri\u00e8re"}]},{"@type":"WebSite","@id":"https:\/\/www.quebec-elan.org\/en\/#website","url":"https:\/\/www.quebec-elan.org\/en\/","name":"ELAN","description":"English Language Arts Network","publisher":{"@id":"https:\/\/www.quebec-elan.org\/en\/#organization"},"potentialAction":[{"@type":"SearchAction","target":{"@type":"EntryPoint","urlTemplate":"https:\/\/www.quebec-elan.org\/en\/?s={search_term_string}"},"query-input":{"@type":"PropertyValueSpecification","valueRequired":true,"valueName":"search_term_string"}}],"inLanguage":"fr-FR"},{"@type":"Organization","@id":"https:\/\/www.quebec-elan.org\/en\/#organization","name":"ELAN - English Language Arts Network","url":"https:\/\/www.quebec-elan.org\/en\/","logo":{"@type":"ImageObject","inLanguage":"fr-FR","@id":"https:\/\/www.quebec-elan.org\/en\/#\/schema\/logo\/image\/","url":"https:\/\/www.quebec-elan.org\/wp-content\/uploads\/2022\/05\/elan-logo-360.jpg","contentUrl":"https:\/\/www.quebec-elan.org\/wp-content\/uploads\/2022\/05\/elan-logo-360.jpg","width":360,"height":70,"caption":"ELAN - English Language Arts Network"},"image":{"@id":"https:\/\/www.quebec-elan.org\/en\/#\/schema\/logo\/image\/"}}]}},"_links":{"self":[{"href":"https:\/\/www.quebec-elan.org\/fr\/wp-json\/wp\/v2\/pages\/42682","targetHints":{"allow":["GET"]}}],"collection":[{"href":"https:\/\/www.quebec-elan.org\/fr\/wp-json\/wp\/v2\/pages"}],"about":[{"href":"https:\/\/www.quebec-elan.org\/fr\/wp-json\/wp\/v2\/types\/page"}],"author":[{"embeddable":true,"href":"https:\/\/www.quebec-elan.org\/fr\/wp-json\/wp\/v2\/users\/5455"}],"replies":[{"embeddable":true,"href":"https:\/\/www.quebec-elan.org\/fr\/wp-json\/wp\/v2\/comments?post=42682"}],"version-history":[{"count":0,"href":"https:\/\/www.quebec-elan.org\/fr\/wp-json\/wp\/v2\/pages\/42682\/revisions"}],"wp:attachment":[{"href":"https:\/\/www.quebec-elan.org\/fr\/wp-json\/wp\/v2\/media?parent=42682"}],"curies":[{"name":"wp","href":"https:\/\/api.w.org\/{rel}","templated":true}]}}