{"id":7577,"date":"2016-08-21T01:25:14","date_gmt":"2016-08-21T01:25:14","guid":{"rendered":"https:\/\/www.quebec-elan.org\/arts-alive-quebec\/?lang=fr"},"modified":"2018-10-18T15:13:35","modified_gmt":"2018-10-18T15:13:35","slug":"arts-alive-quebec","status":"publish","type":"page","link":"https:\/\/www.quebec-elan.org\/fr\/arts-alive-quebec\/","title":{"rendered":"Arts Alive! Qu\u00e9bec"},"content":{"rendered":"<div class='clear'><\/div><div id='sub_menu1'  class='av-submenu-container av-hz2wyh-838b1b2dde7328ef80c8875fe9bc3bbd main_color  avia-builder-el-0  el_before_av_section  avia-builder-el-first  av-sticky-submenu container_wrap sidebar_right' style='z-index:301' ><div class='container av-menu-mobile-disabled av-submenu-pos-left'><ul id=\"menu-a-propos\" class=\"av-subnav-menu\" role=\"menu\"><li role=\"menuitem\" id=\"menu-item-2137\" class=\"menu-item menu-item-type-post_type menu-item-object-page menu-item-top-level menu-item-top-level-1\"><a href=\"https:\/\/www.quebec-elan.org\/fr\/history\/\" itemprop=\"url\" tabindex=\"0\"><span class=\"avia-bullet\"><\/span><span class=\"avia-menu-text\">Notre histoire<\/span><span class=\"avia-menu-fx\"><span class=\"avia-arrow-wrap\"><span class=\"avia-arrow\"><\/span><\/span><\/span><\/a><\/li>\n<li role=\"menuitem\" id=\"menu-item-7760\" class=\"menu-item menu-item-type-post_type menu-item-object-page menu-item-top-level menu-item-top-level-2\"><a href=\"https:\/\/www.quebec-elan.org\/fr\/team-board\/\" itemprop=\"url\" tabindex=\"0\"><span class=\"avia-bullet\"><\/span><span class=\"avia-menu-text\">Notre \u00e9quipe et conseil d\u2019administration<\/span><span class=\"avia-menu-fx\"><span class=\"avia-arrow-wrap\"><span class=\"avia-arrow\"><\/span><\/span><\/span><\/a><\/li>\n<li role=\"menuitem\" id=\"menu-item-7762\" class=\"menu-item menu-item-type-post_type menu-item-object-page menu-item-top-level menu-item-top-level-3\"><a href=\"https:\/\/www.quebec-elan.org\/fr\/partners-and-funders\/\" itemprop=\"url\" tabindex=\"0\"><span class=\"avia-bullet\"><\/span><span class=\"avia-menu-text\">Partenaires et financement<\/span><span class=\"avia-menu-fx\"><span class=\"avia-arrow-wrap\"><span class=\"avia-arrow\"><\/span><\/span><\/span><\/a><\/li>\n<\/ul><\/div><\/div><div class='sticky_placeholder'><\/div>\n<div id='av_section_1'  class='avia-section av-brdpu1-2616eb3bf4f40082efc83ea2dcfbc8a0 main_color avia-section-large avia-no-border-styling  avia-builder-el-1  el_after_av_submenu  el_before_av_section  avia-bg-style-scroll container_wrap sidebar_right'  ><div class='container av-section-cont-open' ><div class='template-page content  av-content-small alpha units'><div class='post-entry post-entry-type-page post-entry-7577'><div class='entry-content-wrapper clearfix'>\n\n<style type=\"text\/css\" data-created_by=\"avia_inline_auto\" id=\"style-css-av-1uds2x-3a4617f808d9909b76c4e2fbb279cf38\">\n#top .av-special-heading.av-1uds2x-3a4617f808d9909b76c4e2fbb279cf38{\npadding-bottom:30px;\nfont-size:70px;\n}\nbody .av-special-heading.av-1uds2x-3a4617f808d9909b76c4e2fbb279cf38 .av-special-heading-tag .heading-char{\nfont-size:25px;\n}\n#top #wrap_all .av-special-heading.av-1uds2x-3a4617f808d9909b76c4e2fbb279cf38 .av-special-heading-tag{\nfont-size:70px;\n}\n.av-special-heading.av-1uds2x-3a4617f808d9909b76c4e2fbb279cf38 .av-subheading{\nfont-size:35px;\n}\n\n@media only screen and (min-width: 480px) and (max-width: 767px){ \n#top #wrap_all .av-special-heading.av-1uds2x-3a4617f808d9909b76c4e2fbb279cf38 .av-special-heading-tag{\nfont-size:0.8em;\n}\n}\n\n@media only screen and (max-width: 479px){ \n#top #wrap_all .av-special-heading.av-1uds2x-3a4617f808d9909b76c4e2fbb279cf38 .av-special-heading-tag{\nfont-size:0.8em;\n}\n}\n<\/style>\n<div  class='av-special-heading av-1uds2x-3a4617f808d9909b76c4e2fbb279cf38 av-special-heading-h2 blockquote modern-quote  avia-builder-el-2  el_before_av_two_third  avia-builder-el-first  av-thin-font av-inherit-size'><h2 class='av-special-heading-tag '  itemprop=\"headline\"  >Arts Alive<strong>!<\/strong> Qu\u00e9bec<\/h2><div class='av-subheading av-subheading_below'><p>Les arts au Qu\u00e9bec prennent vie cet \u00e9t\u00e9 !<\/p>\n<\/div><div class=\"special-heading-border\"><div class=\"special-heading-inner-border\"><\/div><\/div><\/div>\n\n<style type=\"text\/css\" data-created_by=\"avia_inline_auto\" id=\"style-css-av-9b9cl5-1be455047f257210ad2c50f8025c44fb\">\n.flex_column.av-9b9cl5-1be455047f257210ad2c50f8025c44fb{\nborder-radius:0px 0px 0px 0px;\npadding:0px 0px 0px 0px;\n}\n<\/style>\n<div  class='flex_column av-9b9cl5-1be455047f257210ad2c50f8025c44fb av_two_third  avia-builder-el-3  el_after_av_heading  el_before_av_one_third  first flex_column_div av-zero-column-padding  '     ><section  class='av_textblock_section av-jjrx3f75-2000b175a1afb31f4764cfb6f4501428 '   itemscope=\"itemscope\" itemtype=\"https:\/\/schema.org\/CreativeWork\" ><div class='avia_textblock'  itemprop=\"text\" ><p>Six r\u00e9gions du Qu\u00e9bec o\u00f9 la vie artistique et culturelle anglophone est particuli\u00e8rement d\u00e9velopp\u00e9e se sont regroup\u00e9es afin de cr\u00e9er un passionnant festival qui se d\u00e9roulera tout au long de l\u2019\u00e9t\u00e9 2016. Du d\u00e9but juin \u00e0 la fin septembre 2018, les communaut\u00e9s de <strong>Hudson<\/strong>,\u00a0<strong>Huntingdon,\u00a0<\/strong><strong>Knowlton<\/strong>,\u00a0<strong>Qu\u00e9bec<\/strong>,\u00a0<strong>Wakefield, et\u00a0plusieurs biblioth\u00e8ques montr\u00e9alaises<\/strong>\u00a0accueilleront diverses activit\u00e9s visant \u00e0 c\u00e9l\u00e9brer les arts et la culture du Qu\u00e9bec !<\/p>\n<p>Certains \u00e9v\u00e9nements concentreront leurs activit\u00e9s dans un lieu pr\u00e9cis et ses environs, alors que d\u2019autres transformeront toute la ville en un grand festival. Chaque \u00e9dition offrira une programmation unique, de mani\u00e8re \u00e0 refl\u00e9ter les saveurs locales. Vous vivrez donc une exp\u00e9rience tr\u00e8s diff\u00e9rente d\u2019une r\u00e9gion \u00e0 l\u2019autre, selon que des artistes locaux ou des vedettes invit\u00e9es pour l\u2019occasion vous offriront des spectacles de marionnettes, des activit\u00e9s litt\u00e9raires, de la danse contemporaine, du th\u00e9\u00e2tre, des arts visuels, de la musique de chambre, des ateliers, et beaucoup plus!<\/p>\n<p>L\u2019\u00e9v\u00e9nement Arts Alive! Qu\u00e9bec est rendu possible gr\u00e2ce au soutien financier du <a href=\"http:\/\/www.canada.ca\/\">Gouvernement du Canada<\/a>.<\/p>\n<\/div><\/section><\/div>\n<style type=\"text\/css\" data-created_by=\"avia_inline_auto\" id=\"style-css-av-1js2r9l-4de8cf734f4d0ff916b143c26031706b\">\n.flex_column.av-1js2r9l-4de8cf734f4d0ff916b143c26031706b{\nborder-radius:0px 0px 0px 0px;\npadding:0px 0px 0px 0px;\n}\n<\/style>\n<div  class='flex_column av-1js2r9l-4de8cf734f4d0ff916b143c26031706b av_one_third  avia-builder-el-5  el_after_av_two_third  avia-builder-el-last  flex_column_div av-zero-column-padding  '     ><style type=\"text\/css\" data-created_by=\"avia_inline_auto\" id=\"style-css-av-1h4a415-cc5c12e0011e2a11ba6cdf87d046dcf5\">\n.avia-image-container.av-1h4a415-cc5c12e0011e2a11ba6cdf87d046dcf5 img.avia_image{\nbox-shadow:none;\n}\n.avia-image-container.av-1h4a415-cc5c12e0011e2a11ba6cdf87d046dcf5 .av-image-caption-overlay-center{\ncolor:#ffffff;\n}\n<\/style>\n<div  class='avia-image-container av-1h4a415-cc5c12e0011e2a11ba6cdf87d046dcf5 av-styling- avia-align-center  avia-builder-el-6  avia-builder-el-no-sibling '   itemprop=\"image\" itemscope=\"itemscope\" itemtype=\"https:\/\/schema.org\/ImageObject\" ><div class=\"avia-image-container-inner\"><div class=\"avia-image-overlay-wrap\"><img fetchpriority=\"high\" decoding=\"async\" fetchpriority=\"high\" fetchpriority=\"high\" class='wp-image-25200 avia-img-lazy-loading-not-25200 avia_image ' src=\"https:\/\/www.quebec-elan.org\/wp-content\/uploads\/2018\/05\/AAQ-300x288.png\" alt='' title='AAQ'  height=\"288\" width=\"300\"  itemprop=\"thumbnailUrl\" srcset=\"https:\/\/www.quebec-elan.org\/wp-content\/uploads\/2018\/05\/AAQ-300x288.png 300w, https:\/\/www.quebec-elan.org\/wp-content\/uploads\/2018\/05\/AAQ-36x36.png 36w, https:\/\/www.quebec-elan.org\/wp-content\/uploads\/2018\/05\/AAQ.png 364w\" sizes=\"(max-width: 300px) 100vw, 300px\" \/><\/div><\/div><\/div><\/div>\n\n<\/div><\/div><\/div><!-- close content main div --><\/div><\/div>\n<style type=\"text\/css\" data-created_by=\"avia_inline_auto\" id=\"style-css-av-jjsw7kbc-519af7a5721dd7338d196451e4eecb5c\">\n.avia-section.av-jjsw7kbc-519af7a5721dd7338d196451e4eecb5c{\nbackground-color:#f5a447;\nbackground-image:unset;\n}\n<\/style>\n<div id='av_section_2'  class='avia-section av-jjsw7kbc-519af7a5721dd7338d196451e4eecb5c main_color avia-section-default avia-no-border-styling  avia-builder-el-7  el_after_av_section  el_before_av_one_full  avia-bg-style-scroll container_wrap sidebar_right'  ><div class='container av-section-cont-open' ><div class='template-page content  av-content-small alpha units'><div class='post-entry post-entry-type-page post-entry-7577'><div class='entry-content-wrapper clearfix'>\n<section  class='av_textblock_section av-jjsw9ag6-a50717333daf22c37dcb0c9f1f1110ef '   itemscope=\"itemscope\" itemtype=\"https:\/\/schema.org\/CreativeWork\" ><div class='avia_textblock'  itemprop=\"text\" ><h1>La programmation<\/h1>\n<p><span style=\"color: #ffffff;\">MUSIQUE | TH\u00c9\u00c2TRE | ARTS VISUELS | DANSE | LITT\u00c9RATURE| FILM | AT\u00c9LIERS | ACTIVIT\u00c9S POUR TOUTE LA FAMILLE<\/span><\/p>\n<\/div><\/section>\n<\/div><\/div><\/div><!-- close content main div --><\/div><\/div><div id='after_section_2'  class='main_color av_default_container_wrap container_wrap sidebar_right'  ><div class='container av-section-cont-open' ><div class='template-page content  av-content-small alpha units'><div class='post-entry post-entry-type-page post-entry-7577'><div class='entry-content-wrapper clearfix'>\n\n<style type=\"text\/css\" data-created_by=\"avia_inline_auto\" id=\"style-css-av-1gaunll-dffcbdce3a34960c5556f24987a5496b\">\n.flex_column.av-1gaunll-dffcbdce3a34960c5556f24987a5496b{\nborder-radius:0px 0px 0px 0px;\npadding:0px 0px 0px 0px;\n}\n<\/style>\n<div  class='flex_column av-1gaunll-dffcbdce3a34960c5556f24987a5496b av_one_full  avia-builder-el-9  el_after_av_section  el_before_av_hr  avia-builder-el-first  first flex_column_div av-zero-column-padding  '     ><div  class='avia-icon-list-container av-515id5-a5d67796bb6efee0904ba938d0e25606  avia-builder-el-10  avia-builder-el-no-sibling '><ul class='avia-icon-list avia_animate_when_almost_visible avia-icon-list-left av-iconlist-big av-515id5-a5d67796bb6efee0904ba938d0e25606 avia-iconlist-animate'>\n<li><div class='iconlist_icon av-a5go3t-84d228445776eaa4151de605fe9bf884 avia-font-entypo-fontello avia-iconfont avia-font-entypo-fontello'><span class='av-icon-char' data-av_icon='\ue800' data-av_iconfont='entypo-fontello' aria-hidden=\"true\"><\/span><\/div><article class=\"article-icon-entry \"  itemscope=\"itemscope\" itemtype=\"https:\/\/schema.org\/CreativeWork\" ><div class=\"iconlist_content_wrap\"><header class=\"entry-content-header\" aria-label=\"Ic\u00f4ne : &lt;a href=&#039;http:\/\/villagetheatre.ca\/events\/arts-alive-2018\/&#039; title=&#039;Hudson&#039;&gt;Hudson&lt;\/a&gt;\"><h4 class='av_iconlist_title iconlist_title  '  itemprop=\"headline\" ><a href='http:\/\/villagetheatre.ca\/events\/arts-alive-2018\/' title='Hudson'>Hudson<\/a><\/h4><\/header><div class='iconlist_content '  itemprop=\"text\" ><header class=\"entry-content-header\"><\/header>\n<div class=\"iconlist_content \">\n<p><strong>Dates:<\/strong> 27 mai \u2013 3 juin 2018<\/p>\n<p><strong>Lieu:<\/strong>\u00a0Hudson Village Theatre, 28 Wharf Road, et environs<\/p>\n<p>Cliquez ici pour la programmation!<\/p>\n<\/div>\n<\/div><\/div><footer class=\"entry-footer\"><\/footer><\/article><div class=\"iconlist-timeline\"><\/div><\/li>\n<li><div class='iconlist_icon av-9c7n5l-9d2ae946f00c97ed062324d6b47e8156 avia-font-entypo-fontello avia-iconfont avia-font-entypo-fontello'><span class='av-icon-char' data-av_icon='\ue8c0' data-av_iconfont='entypo-fontello' aria-hidden=\"true\"><\/span><\/div><article class=\"article-icon-entry \"  itemscope=\"itemscope\" itemtype=\"https:\/\/schema.org\/CreativeWork\" ><div class=\"iconlist_content_wrap\"><header class=\"entry-content-header\" aria-label=\"Ic\u00f4ne : &lt;a href=&#039;http:\/\/www.grovehall.ca\/Arts_Alive.html&#039; title=&#039;Huntingdon&#039;&gt;Huntingdon&lt;\/a&gt;\"><h4 class='av_iconlist_title iconlist_title  '  itemprop=\"headline\" ><a href='http:\/\/www.grovehall.ca\/Arts_Alive.html' title='Huntingdon'>Huntingdon<\/a><\/h4><\/header><div class='iconlist_content '  itemprop=\"text\" ><p><strong>Date:<\/strong> 8 juillet 2018<\/p>\n<p><strong>Lieu:<\/strong> Grove Hall, 165, rue Ch\u00e2teauguay, J0S 1H0<\/p>\n<p>Cliquez ici pour la programmation!<\/p>\n<\/div><\/div><footer class=\"entry-footer\"><\/footer><\/article><div class=\"iconlist-timeline\"><\/div><\/li>\n<li><div class='iconlist_icon av-2qibvt-a86f313e37fbdb581705fa2d996d1ba8 avia-font-Flaticon avia-iconfont avia-font-Flaticon'><span class='av-icon-char' data-av_icon='' data-av_iconfont='Flaticon' aria-hidden=\"true\"><\/span><\/div><article class=\"article-icon-entry \"  itemscope=\"itemscope\" itemtype=\"https:\/\/schema.org\/CreativeWork\" ><div class=\"iconlist_content_wrap\"><header class=\"entry-content-header\" aria-label=\"Ic\u00f4ne : &lt;a href=&#039;https:\/\/bookmanager.com\/1178946\/&#039; title=&#039;Knowlton&#039;&gt;Knowlton&lt;\/a&gt;\"><h4 class='av_iconlist_title iconlist_title  '  itemprop=\"headline\" ><a href='https:\/\/bookmanager.com\/1178946\/' title='Knowlton'>Knowlton<\/a><\/h4><\/header><div class='iconlist_content '  itemprop=\"text\" ><p><strong>Dates:<\/strong>\u00a03 \u2013 5 ao\u00fbt 2018<\/p>\n<p><strong>Lieu:<\/strong>\u00a0Divers lieux<\/p>\n<p><a href=\"https:\/\/www.quebec-elan.org\/event\/arts-alive-quebec-knowlton\/?lang=fr\/\">Cliquez ici pour la programmation!<\/a><\/p>\n<\/div><\/div><footer class=\"entry-footer\"><\/footer><\/article><div class=\"iconlist-timeline\"><\/div><\/li>\n<li><div class='iconlist_icon av-n9cqh-d0ed8d09f1bd1758c55360a7257e594d avia-font-Flaticon avia-iconfont avia-font-Flaticon'><span class='av-icon-char' data-av_icon='' data-av_iconfont='Flaticon' aria-hidden=\"true\"><\/span><\/div><article class=\"article-icon-entry \"  itemscope=\"itemscope\" itemtype=\"https:\/\/schema.org\/CreativeWork\" ><div class=\"iconlist_content_wrap\"><header class=\"entry-content-header\" aria-label=\"Ic\u00f4ne : &lt;a href=&#039;http:\/\/www.morrin.org\/en\/events\/arts-alive-quebec-jazz-concerts-with-daniel-arthur-trio-and-sienna-dahlen\/&#039; title=&#039;Qu\u00e9bec City&#039;&gt;Qu\u00e9bec City&lt;\/a&gt;\"><h4 class='av_iconlist_title iconlist_title  '  itemprop=\"headline\" ><a href='http:\/\/www.morrin.org\/en\/events\/arts-alive-quebec-jazz-concerts-with-daniel-arthur-trio-and-sienna-dahlen\/' title='Qu\u00e9bec City'>Qu\u00e9bec City<\/a><\/h4><\/header><div class='iconlist_content '  itemprop=\"text\" ><p><strong>Dates:<\/strong>\u00a03 \u2013 4 ao\u00fbt 2018<\/p>\n<p><strong>Lieu:<\/strong> Morrin Centre, 44 Chauss\u00e9e des \u00c9cossais, G1R 4H3<\/p>\n<p>Cliquez ici pour la programmation!<\/p>\n<\/div><\/div><footer class=\"entry-footer\"><\/footer><\/article><div class=\"iconlist-timeline\"><\/div><\/li>\n<li><div class='iconlist_icon av-4rw06x-3b61787a704f56b7370695345eb80cf8 avia-font-Flaticon avia-iconfont avia-font-Flaticon'><span class='av-icon-char' data-av_icon='' data-av_iconfont='Flaticon' aria-hidden=\"true\"><\/span><\/div><article class=\"article-icon-entry \"  itemscope=\"itemscope\" itemtype=\"https:\/\/schema.org\/CreativeWork\" ><div class=\"iconlist_content_wrap\"><header class=\"entry-content-header\" aria-label=\"Ic\u00f4ne : &lt;a href=&#039;http:\/\/www.tadafestival.ca\/&#039; title=&#039;Wakefield&#039;&gt;Wakefield&lt;\/a&gt;\"><h4 class='av_iconlist_title iconlist_title  '  itemprop=\"headline\" ><a href='http:\/\/www.tadafestival.ca\/' title='Wakefield'>Wakefield<\/a><\/h4><\/header><div class='iconlist_content '  itemprop=\"text\" ><p><strong>Dates:<\/strong>\u00a07 \u2013 8 septembre 2018<\/p>\n<p><strong>Lieu:<\/strong>\u00a038, ch. de la Vall\u00e9e de Wakefield, J0X 3G0<\/p>\n<p><strong>D\u00e9tails de la programmation \u00e0 venir&#8230;<\/strong><\/p>\n<\/div><\/div><footer class=\"entry-footer\"><\/footer><\/article><div class=\"iconlist-timeline\"><\/div><\/li>\n<li><div class='iconlist_icon av-2kskh5-1bc3f5665c07c97effc70b334e604c69 avia-font-entypo-fontello avia-iconfont avia-font-entypo-fontello'><span class='av-icon-char' data-av_icon='\ue84f' data-av_iconfont='entypo-fontello' aria-hidden=\"true\"><\/span><\/div><article class=\"article-icon-entry \"  itemscope=\"itemscope\" itemtype=\"https:\/\/schema.org\/CreativeWork\" ><div class=\"iconlist_content_wrap\"><header class=\"entry-content-header\" aria-label=\"Ic\u00f4ne : &lt;a href=&#039;https:\/\/www.facebook.com\/events\/218054238841908\/&#039; title=&#039;Baie d\u2019Urf\u00e9&#039;&gt;Baie d\u2019Urf\u00e9&lt;\/a&gt;\"><h4 class='av_iconlist_title iconlist_title  '  itemprop=\"headline\" ><a href='https:\/\/www.facebook.com\/events\/218054238841908\/' title='Baie d\u2019Urf\u00e9'>Baie d\u2019Urf\u00e9<\/a><\/h4><\/header><div class='iconlist_content '  itemprop=\"text\" ><p><strong>Date:<\/strong>\u00a015\u00a0ao\u00fbt 2018<\/p>\n<p><strong>Lieu:<\/strong> Centre communautaire Fritz,\u00a020477 Lakeshore, Bd&rsquo;urfe, QC H9X 1R3<\/p>\n<p><a href=\"https:\/\/www.quebec-elan.org\/event\/arts-alive-quebec-baie-durfe\/\">Cliquez ici pour la programmation!<\/a><\/p>\n<\/div><\/div><footer class=\"entry-footer\"><\/footer><\/article><div class=\"iconlist-timeline\"><\/div><\/li>\n<\/ul><\/div><\/div>\n<div  class='hr av-e71snt-470c7b100f528b53122e63f00fbaf034 hr-default  avia-builder-el-11  el_after_av_one_full  el_before_av_partner '><span class='hr-inner '><span class=\"hr-inner-style\"><\/span><\/span><\/div>\n\n","protected":false},"excerpt":{"rendered":"","protected":false},"author":234,"featured_media":0,"parent":0,"menu_order":178,"comment_status":"closed","ping_status":"closed","template":"","meta":{"footnotes":""},"class_list":["post-7577","page","type-page","status-publish","hentry"],"yoast_head":"<!-- This site is optimized with the Yoast SEO plugin v27.4 - https:\/\/yoast.com\/product\/yoast-seo-wordpress\/ -->\n<title>Arts Alive! Qu\u00e9bec - ELAN<\/title>\n<meta name=\"robots\" content=\"index, follow, max-snippet:-1, max-image-preview:large, max-video-preview:-1\" \/>\n<link rel=\"canonical\" href=\"https:\/\/www.quebec-elan.org\/fr\/arts-alive-quebec\/\" \/>\n<meta property=\"og:locale\" content=\"fr_FR\" \/>\n<meta property=\"og:type\" content=\"article\" \/>\n<meta property=\"og:title\" content=\"Arts Alive! Qu\u00e9bec - ELAN\" \/>\n<meta property=\"og:url\" content=\"https:\/\/www.quebec-elan.org\/fr\/arts-alive-quebec\/\" \/>\n<meta property=\"og:site_name\" content=\"ELAN\" \/>\n<meta property=\"article:modified_time\" content=\"2018-10-18T15:13:35+00:00\" \/>\n<meta name=\"twitter:card\" content=\"summary_large_image\" \/>\n<meta name=\"twitter:label1\" content=\"Dur\u00e9e de lecture estim\u00e9e\" \/>\n\t<meta name=\"twitter:data1\" content=\"7 minutes\" \/>\n<script type=\"application\/ld+json\" class=\"yoast-schema-graph\">{\"@context\":\"https:\\\/\\\/schema.org\",\"@graph\":[{\"@type\":\"WebPage\",\"@id\":\"https:\\\/\\\/www.quebec-elan.org\\\/fr\\\/arts-alive-quebec\\\/\",\"url\":\"https:\\\/\\\/www.quebec-elan.org\\\/fr\\\/arts-alive-quebec\\\/\",\"name\":\"Arts Alive! Qu\u00e9bec - ELAN\",\"isPartOf\":{\"@id\":\"https:\\\/\\\/www.quebec-elan.org\\\/en\\\/#website\"},\"datePublished\":\"2016-08-21T01:25:14+00:00\",\"dateModified\":\"2018-10-18T15:13:35+00:00\",\"breadcrumb\":{\"@id\":\"https:\\\/\\\/www.quebec-elan.org\\\/fr\\\/arts-alive-quebec\\\/#breadcrumb\"},\"inLanguage\":\"fr-FR\",\"potentialAction\":[{\"@type\":\"ReadAction\",\"target\":[\"https:\\\/\\\/www.quebec-elan.org\\\/fr\\\/arts-alive-quebec\\\/\"]}]},{\"@type\":\"BreadcrumbList\",\"@id\":\"https:\\\/\\\/www.quebec-elan.org\\\/fr\\\/arts-alive-quebec\\\/#breadcrumb\",\"itemListElement\":[{\"@type\":\"ListItem\",\"position\":1,\"name\":\"Home\",\"item\":\"https:\\\/\\\/www.quebec-elan.org\\\/fr\\\/\"},{\"@type\":\"ListItem\",\"position\":2,\"name\":\"Arts Alive! Qu\u00e9bec\"}]},{\"@type\":\"WebSite\",\"@id\":\"https:\\\/\\\/www.quebec-elan.org\\\/en\\\/#website\",\"url\":\"https:\\\/\\\/www.quebec-elan.org\\\/en\\\/\",\"name\":\"ELAN\",\"description\":\"English Language Arts Network\",\"publisher\":{\"@id\":\"https:\\\/\\\/www.quebec-elan.org\\\/en\\\/#organization\"},\"potentialAction\":[{\"@type\":\"SearchAction\",\"target\":{\"@type\":\"EntryPoint\",\"urlTemplate\":\"https:\\\/\\\/www.quebec-elan.org\\\/en\\\/?s={search_term_string}\"},\"query-input\":{\"@type\":\"PropertyValueSpecification\",\"valueRequired\":true,\"valueName\":\"search_term_string\"}}],\"inLanguage\":\"fr-FR\"},{\"@type\":\"Organization\",\"@id\":\"https:\\\/\\\/www.quebec-elan.org\\\/en\\\/#organization\",\"name\":\"ELAN - English Language Arts Network\",\"url\":\"https:\\\/\\\/www.quebec-elan.org\\\/en\\\/\",\"logo\":{\"@type\":\"ImageObject\",\"inLanguage\":\"fr-FR\",\"@id\":\"https:\\\/\\\/www.quebec-elan.org\\\/en\\\/#\\\/schema\\\/logo\\\/image\\\/\",\"url\":\"https:\\\/\\\/www.quebec-elan.org\\\/wp-content\\\/uploads\\\/2022\\\/05\\\/elan-logo-360.jpg\",\"contentUrl\":\"https:\\\/\\\/www.quebec-elan.org\\\/wp-content\\\/uploads\\\/2022\\\/05\\\/elan-logo-360.jpg\",\"width\":360,\"height\":70,\"caption\":\"ELAN - English Language Arts Network\"},\"image\":{\"@id\":\"https:\\\/\\\/www.quebec-elan.org\\\/en\\\/#\\\/schema\\\/logo\\\/image\\\/\"}}]}<\/script>\n<!-- \/ Yoast SEO plugin. -->","yoast_head_json":{"title":"Arts Alive! Qu\u00e9bec - ELAN","robots":{"index":"index","follow":"follow","max-snippet":"max-snippet:-1","max-image-preview":"max-image-preview:large","max-video-preview":"max-video-preview:-1"},"canonical":"https:\/\/www.quebec-elan.org\/fr\/arts-alive-quebec\/","og_locale":"fr_FR","og_type":"article","og_title":"Arts Alive! Qu\u00e9bec - ELAN","og_url":"https:\/\/www.quebec-elan.org\/fr\/arts-alive-quebec\/","og_site_name":"ELAN","article_modified_time":"2018-10-18T15:13:35+00:00","twitter_card":"summary_large_image","twitter_misc":{"Dur\u00e9e de lecture estim\u00e9e":"7 minutes"},"schema":{"@context":"https:\/\/schema.org","@graph":[{"@type":"WebPage","@id":"https:\/\/www.quebec-elan.org\/fr\/arts-alive-quebec\/","url":"https:\/\/www.quebec-elan.org\/fr\/arts-alive-quebec\/","name":"Arts Alive! Qu\u00e9bec - ELAN","isPartOf":{"@id":"https:\/\/www.quebec-elan.org\/en\/#website"},"datePublished":"2016-08-21T01:25:14+00:00","dateModified":"2018-10-18T15:13:35+00:00","breadcrumb":{"@id":"https:\/\/www.quebec-elan.org\/fr\/arts-alive-quebec\/#breadcrumb"},"inLanguage":"fr-FR","potentialAction":[{"@type":"ReadAction","target":["https:\/\/www.quebec-elan.org\/fr\/arts-alive-quebec\/"]}]},{"@type":"BreadcrumbList","@id":"https:\/\/www.quebec-elan.org\/fr\/arts-alive-quebec\/#breadcrumb","itemListElement":[{"@type":"ListItem","position":1,"name":"Home","item":"https:\/\/www.quebec-elan.org\/fr\/"},{"@type":"ListItem","position":2,"name":"Arts Alive! Qu\u00e9bec"}]},{"@type":"WebSite","@id":"https:\/\/www.quebec-elan.org\/en\/#website","url":"https:\/\/www.quebec-elan.org\/en\/","name":"ELAN","description":"English Language Arts Network","publisher":{"@id":"https:\/\/www.quebec-elan.org\/en\/#organization"},"potentialAction":[{"@type":"SearchAction","target":{"@type":"EntryPoint","urlTemplate":"https:\/\/www.quebec-elan.org\/en\/?s={search_term_string}"},"query-input":{"@type":"PropertyValueSpecification","valueRequired":true,"valueName":"search_term_string"}}],"inLanguage":"fr-FR"},{"@type":"Organization","@id":"https:\/\/www.quebec-elan.org\/en\/#organization","name":"ELAN - English Language Arts Network","url":"https:\/\/www.quebec-elan.org\/en\/","logo":{"@type":"ImageObject","inLanguage":"fr-FR","@id":"https:\/\/www.quebec-elan.org\/en\/#\/schema\/logo\/image\/","url":"https:\/\/www.quebec-elan.org\/wp-content\/uploads\/2022\/05\/elan-logo-360.jpg","contentUrl":"https:\/\/www.quebec-elan.org\/wp-content\/uploads\/2022\/05\/elan-logo-360.jpg","width":360,"height":70,"caption":"ELAN - English Language Arts Network"},"image":{"@id":"https:\/\/www.quebec-elan.org\/en\/#\/schema\/logo\/image\/"}}]}},"_links":{"self":[{"href":"https:\/\/www.quebec-elan.org\/fr\/wp-json\/wp\/v2\/pages\/7577","targetHints":{"allow":["GET"]}}],"collection":[{"href":"https:\/\/www.quebec-elan.org\/fr\/wp-json\/wp\/v2\/pages"}],"about":[{"href":"https:\/\/www.quebec-elan.org\/fr\/wp-json\/wp\/v2\/types\/page"}],"author":[{"embeddable":true,"href":"https:\/\/www.quebec-elan.org\/fr\/wp-json\/wp\/v2\/users\/234"}],"replies":[{"embeddable":true,"href":"https:\/\/www.quebec-elan.org\/fr\/wp-json\/wp\/v2\/comments?post=7577"}],"version-history":[{"count":12,"href":"https:\/\/www.quebec-elan.org\/fr\/wp-json\/wp\/v2\/pages\/7577\/revisions"}],"predecessor-version":[{"id":23461,"href":"https:\/\/www.quebec-elan.org\/fr\/wp-json\/wp\/v2\/pages\/7577\/revisions\/23461"}],"wp:attachment":[{"href":"https:\/\/www.quebec-elan.org\/fr\/wp-json\/wp\/v2\/media?parent=7577"}],"curies":[{"name":"wp","href":"https:\/\/api.w.org\/{rel}","templated":true}]}}