{"id":7587,"date":"2017-02-08T20:03:21","date_gmt":"2017-02-08T20:03:21","guid":{"rendered":"https:\/\/www.quebec-elan.org\/?page_id=7587&#038;lang=fr"},"modified":"2017-02-08T20:03:21","modified_gmt":"2017-02-08T20:03:21","slug":"made-au-quebec","status":"publish","type":"page","link":"https:\/\/www.quebec-elan.org\/fr\/made-au-quebec\/","title":{"rendered":"Made au Qu\u00e9bec"},"content":{"rendered":"<div class='clear'><\/div><div id='sub_menu1'  class='av-submenu-container av-av_submenu-8f791ed7061956a0dc5e79927f6b7dea main_color  avia-builder-el-0  el_before_av_section  avia-builder-el-first  av-sticky-submenu container_wrap sidebar_right' style='z-index:301' ><div class='container av-menu-mobile-disabled av-submenu-pos-left'><ul id=\"menu-a-propos\" class=\"av-subnav-menu\" role=\"menu\"><li role=\"menuitem\" id=\"menu-item-2137\" class=\"menu-item menu-item-type-post_type menu-item-object-page menu-item-top-level menu-item-top-level-1\"><a href=\"https:\/\/www.quebec-elan.org\/fr\/history\/\" itemprop=\"url\" tabindex=\"0\"><span class=\"avia-bullet\"><\/span><span class=\"avia-menu-text\">Notre histoire<\/span><span class=\"avia-menu-fx\"><span class=\"avia-arrow-wrap\"><span class=\"avia-arrow\"><\/span><\/span><\/span><\/a><\/li>\n<li role=\"menuitem\" id=\"menu-item-7760\" class=\"menu-item menu-item-type-post_type menu-item-object-page menu-item-top-level menu-item-top-level-2\"><a href=\"https:\/\/www.quebec-elan.org\/fr\/team-board\/\" itemprop=\"url\" tabindex=\"0\"><span class=\"avia-bullet\"><\/span><span class=\"avia-menu-text\">Notre \u00e9quipe et conseil d\u2019administration<\/span><span class=\"avia-menu-fx\"><span class=\"avia-arrow-wrap\"><span class=\"avia-arrow\"><\/span><\/span><\/span><\/a><\/li>\n<li role=\"menuitem\" id=\"menu-item-7762\" class=\"menu-item menu-item-type-post_type menu-item-object-page menu-item-top-level menu-item-top-level-3\"><a href=\"https:\/\/www.quebec-elan.org\/fr\/partners-and-funders\/\" itemprop=\"url\" tabindex=\"0\"><span class=\"avia-bullet\"><\/span><span class=\"avia-menu-text\">Partenaires et financement<\/span><span class=\"avia-menu-fx\"><span class=\"avia-arrow-wrap\"><span class=\"avia-arrow\"><\/span><\/span><\/span><\/a><\/li>\n<\/ul><\/div><\/div><div class='sticky_placeholder'><\/div>\n<div id='av_section_1'  class='avia-section av-av_section-825ddcd182d27cb168fdd6695e57775e main_color avia-section-large avia-no-border-styling  avia-builder-el-1  el_after_av_submenu  avia-builder-el-last  avia-bg-style-scroll container_wrap sidebar_right'  ><div class='container av-section-cont-open' ><div class='template-page content  av-content-small alpha units'><div class='post-entry post-entry-type-page post-entry-7587'><div class='entry-content-wrapper clearfix'>\n\n<style type=\"text\/css\" data-created_by=\"avia_inline_auto\" id=\"style-css-av-av_heading-284dae09c2088c9d15338348de351df8\">\n#top .av-special-heading.av-av_heading-284dae09c2088c9d15338348de351df8{\npadding-bottom:30px;\nfont-size:70px;\n}\nbody .av-special-heading.av-av_heading-284dae09c2088c9d15338348de351df8 .av-special-heading-tag .heading-char{\nfont-size:25px;\n}\n#top #wrap_all .av-special-heading.av-av_heading-284dae09c2088c9d15338348de351df8 .av-special-heading-tag{\nfont-size:70px;\n}\n.av-special-heading.av-av_heading-284dae09c2088c9d15338348de351df8 .av-subheading{\nfont-size:35px;\n}\n\n@media only screen and (min-width: 480px) and (max-width: 767px){ \n#top #wrap_all .av-special-heading.av-av_heading-284dae09c2088c9d15338348de351df8 .av-special-heading-tag{\nfont-size:0.8em;\n}\n}\n\n@media only screen and (max-width: 479px){ \n#top #wrap_all .av-special-heading.av-av_heading-284dae09c2088c9d15338348de351df8 .av-special-heading-tag{\nfont-size:0.8em;\n}\n}\n<\/style>\n<div  class='av-special-heading av-av_heading-284dae09c2088c9d15338348de351df8 av-special-heading-h2 blockquote modern-quote  avia-builder-el-2  el_before_av_two_third  avia-builder-el-first  av-thin-font av-inherit-size'><h2 class='av-special-heading-tag '  itemprop=\"headline\"  >Made au Qu\u00e9bec<strong>.<\/strong><\/h2><div class='av-subheading av-subheading_below'><p>Lumi\u00e8re sur les artistes anglophones du Qu\u00e9bec!<\/p>\n<\/div><div class=\"special-heading-border\"><div class=\"special-heading-inner-border\"><\/div><\/div><\/div>\n\n<style type=\"text\/css\" data-created_by=\"avia_inline_auto\" id=\"style-css-av-av_two_third-6126cab7d8fab8d08143dd2dacdf673c\">\n.flex_column.av-av_two_third-6126cab7d8fab8d08143dd2dacdf673c{\nborder-radius:0px 0px 0px 0px;\npadding:0px 0px 0px 0px;\n}\n<\/style>\n<div  class='flex_column av-av_two_third-6126cab7d8fab8d08143dd2dacdf673c av_two_third  avia-builder-el-3  el_after_av_heading  el_before_av_one_third  first flex_column_div av-zero-column-padding  '     ><section  class='av_textblock_section av-av_textblock-35972167d9f102c5ddaec0c531c98b9e '   itemscope=\"itemscope\" itemtype=\"https:\/\/schema.org\/CreativeWork\" ><div class='avia_textblock'  itemprop=\"text\" ><p><em>Made au Qu\u00e9bec<\/em>, est une plateforme en ligne d\u00e9di\u00e9e \u00e0 toute l\u2019actualit\u00e9 de la communaut\u00e9 artistique anglophone du Qu\u00e9bec.<\/p>\n<p>Au cours des deux derni\u00e8res d\u00e9cennies, la communaut\u00e9 artistique anglophone a pris sa place sur la sc\u00e8ne qu\u00e9b\u00e9coise et \u00e0 l\u2019international gr\u00e2ce \u00e0 des musiciens comme\u00a0<strong>Arcade Fire <\/strong>et<strong>\u00a0<\/strong><strong>Godspeed You! Black Emperor<\/strong>; gr\u00e2ce \u00e0 des \u00e9crivains comme\u00a0<strong>Louise Penny, Rawi Hage<\/strong>\u00a0et plus r\u00e9cemment\u00a0<strong>Josip Novakovich<\/strong>\u00a0et, enfin, gr\u00e2ce \u00e0 de jeunes acteurs comme\u00a0<strong>Jay Baruchel<\/strong>.\u00a0De nouveaux visages font aussi leur apparition dans les arts visuels, la danse et le th\u00e9\u00e2tre et des groupes d\u2019artistes anglos continuent de progresser dans les Cantons de l\u2019Est, les Laurentides et autres r\u00e9gions.\u00a0Ce site internet deviendra la bonne adresse pour d\u00e9couvrir la riche diversit\u00e9 de la cr\u00e9ativit\u00e9 anglo \u00ab\u00a0made au Qu\u00e9bec.\u00a0\u00bb<\/p>\n<p>Le but du site Made au Qu\u00e9bec, tout comme celui d&rsquo;ELAN, n&rsquo;est pas de statuer qui est officiellement anglophone ni qui est qu\u00e9b\u00e9cois. Notre monde est complexe. Les gens parlent plusieurs langues; parfois ils cr\u00e9ent dans une langue, d&rsquo;autre fois dans une autre. Le but du site Made au Qu\u00e9bec est simplement de montrer la diversit\u00e9 d&rsquo;artistes qui se d\u00e9marquent au Qu\u00e9bec et de vous aider \u00e0 suivre leurs trajets. Il y en a de toutes les vari\u00e9t\u00e9s: pures laines, nouveaux arriv\u00e9s, multi-langues, unilingues et inclassables.<\/p>\n<p><b>Visitez\u00a0<\/b><a href=\"http:\/\/www.made-au-quebec.ca\/\"><b>made-au-quebec.ca<\/b><\/a><b>\u00a0de vous embarquez maintenant!<\/b><\/p>\n<p><em>Made au\u00a0Qu\u00e9bec a \u00e9t\u00e9 financ\u00e9 par le gouvernement du Canada.<\/em><\/p>\n<\/div><\/section><\/div>\n<style type=\"text\/css\" data-created_by=\"avia_inline_auto\" id=\"style-css-av-av_one_third-0aa7055fe62c3622faec82866afbaeb2\">\n.flex_column.av-av_one_third-0aa7055fe62c3622faec82866afbaeb2{\nborder-radius:0px 0px 0px 0px;\npadding:0px 0px 0px 0px;\n}\n<\/style>\n<div  class='flex_column av-av_one_third-0aa7055fe62c3622faec82866afbaeb2 av_one_third  avia-builder-el-5  el_after_av_two_third  avia-builder-el-last  flex_column_div av-zero-column-padding  '     ><p>\n<style type=\"text\/css\" data-created_by=\"avia_inline_auto\" id=\"style-css-av-av_image-10e91b2282d7cd03dd96d709bff726cc\">\n.avia-image-container.av-av_image-10e91b2282d7cd03dd96d709bff726cc img.avia_image{\nbox-shadow:none;\n}\n.avia-image-container.av-av_image-10e91b2282d7cd03dd96d709bff726cc .av-image-caption-overlay-center{\ncolor:#ffffff;\n}\n<\/style>\n<div  class='avia-image-container av-av_image-10e91b2282d7cd03dd96d709bff726cc av-styling- avia-align-center  avia-builder-el-6  el_before_av_hr  avia-builder-el-first '   itemprop=\"image\" itemscope=\"itemscope\" itemtype=\"https:\/\/schema.org\/ImageObject\" ><div class=\"avia-image-container-inner\"><div class=\"avia-image-overlay-wrap\"><img fetchpriority=\"high\" decoding=\"async\" fetchpriority=\"high\" fetchpriority=\"high\" class='wp-image-24334 avia-img-lazy-loading-not-24334 avia_image ' src=\"https:\/\/www.quebec-elan.org\/wp-content\/uploads\/2016\/08\/Screen-Shot-2016-08-20-at-12.42.14-PM-1030x736.png\" alt='' title='Screen Shot 2016-08-20 at 12.42.14 PM'  height=\"736\" width=\"1030\"  itemprop=\"thumbnailUrl\" srcset=\"https:\/\/www.quebec-elan.org\/wp-content\/uploads\/2016\/08\/Screen-Shot-2016-08-20-at-12.42.14-PM-1030x736.png 1030w, https:\/\/www.quebec-elan.org\/wp-content\/uploads\/2016\/08\/Screen-Shot-2016-08-20-at-12.42.14-PM-600x429.png 600w, https:\/\/www.quebec-elan.org\/wp-content\/uploads\/2016\/08\/Screen-Shot-2016-08-20-at-12.42.14-PM-300x214.png 300w, https:\/\/www.quebec-elan.org\/wp-content\/uploads\/2016\/08\/Screen-Shot-2016-08-20-at-12.42.14-PM-768x549.png 768w, https:\/\/www.quebec-elan.org\/wp-content\/uploads\/2016\/08\/Screen-Shot-2016-08-20-at-12.42.14-PM-1500x1072.png 1500w, https:\/\/www.quebec-elan.org\/wp-content\/uploads\/2016\/08\/Screen-Shot-2016-08-20-at-12.42.14-PM-260x185.png 260w, https:\/\/www.quebec-elan.org\/wp-content\/uploads\/2016\/08\/Screen-Shot-2016-08-20-at-12.42.14-PM-705x504.png 705w, https:\/\/www.quebec-elan.org\/wp-content\/uploads\/2016\/08\/Screen-Shot-2016-08-20-at-12.42.14-PM-450x322.png 450w, https:\/\/www.quebec-elan.org\/wp-content\/uploads\/2016\/08\/Screen-Shot-2016-08-20-at-12.42.14-PM.png 1450w\" sizes=\"(max-width: 1030px) 100vw, 1030px\" \/><\/div><\/div><\/div><br \/>\n\n<style type=\"text\/css\" data-created_by=\"avia_inline_auto\" id=\"style-css-av-av_hr-921fee5c460087b48939f6789d922a66\">\n#top .hr.hr-invisible.av-av_hr-921fee5c460087b48939f6789d922a66{\nheight:10px;\n}\n<\/style>\n<div  class='hr av-av_hr-921fee5c460087b48939f6789d922a66 hr-invisible  avia-builder-el-7  el_after_av_image  el_before_av_button_big  avia-builder-el-last '><span class='hr-inner '><span class=\"hr-inner-style\"><\/span><\/span><\/div><br \/>\n<div  class='avia-button-wrap avia-button-center  avia-builder-el-8  el_after_av_hr  avia-builder-el-last '>\n<style type=\"text\/css\" data-created_by=\"avia_inline_auto\" id=\"style-css-av-av_button_big-b9e925fc5f93724ccc4de73ac551c4d4\">\n#top #wrap_all .avia-button.av-av_button_big-b9e925fc5f93724ccc4de73ac551c4d4{\nbackground-color:#f4a347;\nborder-color:#f4a347;\ncolor:#ffffff;\ntransition:all 0.4s ease-in-out;\n}\n#top #wrap_all .avia-button.av-av_button_big-b9e925fc5f93724ccc4de73ac551c4d4:hover{\nbackground-color:#f4b164;\ncolor:#ffffff;\ntransition:all 0.4s ease-in-out;\n}\n#top #wrap_all .avia-button.av-av_button_big-b9e925fc5f93724ccc4de73ac551c4d4 .avia-svg-icon svg:first-child{\nfill:#ffffff;\nstroke:#ffffff;\n}\n#top #wrap_all .avia-button.av-av_button_big-b9e925fc5f93724ccc4de73ac551c4d4:hover .avia-svg-icon svg:first-child{\nfill:#ffffff;\nstroke:#ffffff;\n}\n<\/style>\n<a href='http:\/\/www.made-au-quebec.ca\/comDisciplines\/home?Lang=EN' class='av-icon-on-hover avia-button avia-button-fullwidth av-av_button_big-b9e925fc5f93724ccc4de73ac551c4d4 avia-icon_select-yes-right-icon avia-color-custom'   aria-label=\"Visitez le site\"><span class='avia_iconbox_title' >Visitez le site<\/span><span class='avia_button_icon avia_button_icon_right avia-iconfont avia-font-entypo-fontello' data-av_icon='\ue875' data-av_iconfont='entypo-fontello' ><\/span><\/a><\/div><\/p><\/div><\/div><\/div><\/div><!-- close content main div --><\/div><\/div><div id='after_section_1'  class='main_color av_default_container_wrap container_wrap sidebar_right'  ><div class='container av-section-cont-open' ><div class='template-page content  av-content-small alpha units'><div class='post-entry post-entry-type-page post-entry-7587'><div class='entry-content-wrapper clearfix'>\n","protected":false},"excerpt":{"rendered":"","protected":false},"author":234,"featured_media":0,"parent":0,"menu_order":155,"comment_status":"closed","ping_status":"closed","template":"","meta":{"footnotes":""},"class_list":["post-7587","page","type-page","status-publish","hentry"],"yoast_head":"<!-- This site is optimized with the Yoast SEO plugin v27.5 - https:\/\/yoast.com\/product\/yoast-seo-wordpress\/ -->\n<title>Made au Qu\u00e9bec - ELAN<\/title>\n<meta name=\"robots\" content=\"index, follow, max-snippet:-1, max-image-preview:large, max-video-preview:-1\" \/>\n<link rel=\"canonical\" href=\"https:\/\/www.quebec-elan.org\/fr\/made-au-quebec\/\" \/>\n<meta property=\"og:locale\" content=\"fr_FR\" \/>\n<meta property=\"og:type\" content=\"article\" \/>\n<meta property=\"og:title\" content=\"Made au Qu\u00e9bec - ELAN\" \/>\n<meta property=\"og:url\" content=\"https:\/\/www.quebec-elan.org\/fr\/made-au-quebec\/\" \/>\n<meta property=\"og:site_name\" content=\"ELAN\" \/>\n<meta name=\"twitter:card\" content=\"summary_large_image\" \/>\n<meta name=\"twitter:label1\" content=\"Dur\u00e9e de lecture estim\u00e9e\" \/>\n\t<meta name=\"twitter:data1\" content=\"4 minutes\" \/>\n<script type=\"application\/ld+json\" class=\"yoast-schema-graph\">{\"@context\":\"https:\\\/\\\/schema.org\",\"@graph\":[{\"@type\":\"WebPage\",\"@id\":\"https:\\\/\\\/www.quebec-elan.org\\\/fr\\\/made-au-quebec\\\/\",\"url\":\"https:\\\/\\\/www.quebec-elan.org\\\/fr\\\/made-au-quebec\\\/\",\"name\":\"Made au Qu\u00e9bec - ELAN\",\"isPartOf\":{\"@id\":\"https:\\\/\\\/www.quebec-elan.org\\\/en\\\/#website\"},\"datePublished\":\"2017-02-08T20:03:21+00:00\",\"breadcrumb\":{\"@id\":\"https:\\\/\\\/www.quebec-elan.org\\\/fr\\\/made-au-quebec\\\/#breadcrumb\"},\"inLanguage\":\"fr-FR\",\"potentialAction\":[{\"@type\":\"ReadAction\",\"target\":[\"https:\\\/\\\/www.quebec-elan.org\\\/fr\\\/made-au-quebec\\\/\"]}]},{\"@type\":\"BreadcrumbList\",\"@id\":\"https:\\\/\\\/www.quebec-elan.org\\\/fr\\\/made-au-quebec\\\/#breadcrumb\",\"itemListElement\":[{\"@type\":\"ListItem\",\"position\":1,\"name\":\"Home\",\"item\":\"https:\\\/\\\/www.quebec-elan.org\\\/fr\\\/\"},{\"@type\":\"ListItem\",\"position\":2,\"name\":\"Made au Qu\u00e9bec\"}]},{\"@type\":\"WebSite\",\"@id\":\"https:\\\/\\\/www.quebec-elan.org\\\/en\\\/#website\",\"url\":\"https:\\\/\\\/www.quebec-elan.org\\\/en\\\/\",\"name\":\"ELAN\",\"description\":\"English Language Arts Network\",\"publisher\":{\"@id\":\"https:\\\/\\\/www.quebec-elan.org\\\/en\\\/#organization\"},\"potentialAction\":[{\"@type\":\"SearchAction\",\"target\":{\"@type\":\"EntryPoint\",\"urlTemplate\":\"https:\\\/\\\/www.quebec-elan.org\\\/en\\\/?s={search_term_string}\"},\"query-input\":{\"@type\":\"PropertyValueSpecification\",\"valueRequired\":true,\"valueName\":\"search_term_string\"}}],\"inLanguage\":\"fr-FR\"},{\"@type\":\"Organization\",\"@id\":\"https:\\\/\\\/www.quebec-elan.org\\\/en\\\/#organization\",\"name\":\"ELAN - English Language Arts Network\",\"url\":\"https:\\\/\\\/www.quebec-elan.org\\\/en\\\/\",\"logo\":{\"@type\":\"ImageObject\",\"inLanguage\":\"fr-FR\",\"@id\":\"https:\\\/\\\/www.quebec-elan.org\\\/en\\\/#\\\/schema\\\/logo\\\/image\\\/\",\"url\":\"https:\\\/\\\/www.quebec-elan.org\\\/wp-content\\\/uploads\\\/2022\\\/05\\\/elan-logo-360.jpg\",\"contentUrl\":\"https:\\\/\\\/www.quebec-elan.org\\\/wp-content\\\/uploads\\\/2022\\\/05\\\/elan-logo-360.jpg\",\"width\":360,\"height\":70,\"caption\":\"ELAN - English Language Arts Network\"},\"image\":{\"@id\":\"https:\\\/\\\/www.quebec-elan.org\\\/en\\\/#\\\/schema\\\/logo\\\/image\\\/\"}}]}<\/script>\n<!-- \/ Yoast SEO plugin. -->","yoast_head_json":{"title":"Made au Qu\u00e9bec - ELAN","robots":{"index":"index","follow":"follow","max-snippet":"max-snippet:-1","max-image-preview":"max-image-preview:large","max-video-preview":"max-video-preview:-1"},"canonical":"https:\/\/www.quebec-elan.org\/fr\/made-au-quebec\/","og_locale":"fr_FR","og_type":"article","og_title":"Made au Qu\u00e9bec - ELAN","og_url":"https:\/\/www.quebec-elan.org\/fr\/made-au-quebec\/","og_site_name":"ELAN","twitter_card":"summary_large_image","twitter_misc":{"Dur\u00e9e de lecture estim\u00e9e":"4 minutes"},"schema":{"@context":"https:\/\/schema.org","@graph":[{"@type":"WebPage","@id":"https:\/\/www.quebec-elan.org\/fr\/made-au-quebec\/","url":"https:\/\/www.quebec-elan.org\/fr\/made-au-quebec\/","name":"Made au Qu\u00e9bec - ELAN","isPartOf":{"@id":"https:\/\/www.quebec-elan.org\/en\/#website"},"datePublished":"2017-02-08T20:03:21+00:00","breadcrumb":{"@id":"https:\/\/www.quebec-elan.org\/fr\/made-au-quebec\/#breadcrumb"},"inLanguage":"fr-FR","potentialAction":[{"@type":"ReadAction","target":["https:\/\/www.quebec-elan.org\/fr\/made-au-quebec\/"]}]},{"@type":"BreadcrumbList","@id":"https:\/\/www.quebec-elan.org\/fr\/made-au-quebec\/#breadcrumb","itemListElement":[{"@type":"ListItem","position":1,"name":"Home","item":"https:\/\/www.quebec-elan.org\/fr\/"},{"@type":"ListItem","position":2,"name":"Made au Qu\u00e9bec"}]},{"@type":"WebSite","@id":"https:\/\/www.quebec-elan.org\/en\/#website","url":"https:\/\/www.quebec-elan.org\/en\/","name":"ELAN","description":"English Language Arts Network","publisher":{"@id":"https:\/\/www.quebec-elan.org\/en\/#organization"},"potentialAction":[{"@type":"SearchAction","target":{"@type":"EntryPoint","urlTemplate":"https:\/\/www.quebec-elan.org\/en\/?s={search_term_string}"},"query-input":{"@type":"PropertyValueSpecification","valueRequired":true,"valueName":"search_term_string"}}],"inLanguage":"fr-FR"},{"@type":"Organization","@id":"https:\/\/www.quebec-elan.org\/en\/#organization","name":"ELAN - English Language Arts Network","url":"https:\/\/www.quebec-elan.org\/en\/","logo":{"@type":"ImageObject","inLanguage":"fr-FR","@id":"https:\/\/www.quebec-elan.org\/en\/#\/schema\/logo\/image\/","url":"https:\/\/www.quebec-elan.org\/wp-content\/uploads\/2022\/05\/elan-logo-360.jpg","contentUrl":"https:\/\/www.quebec-elan.org\/wp-content\/uploads\/2022\/05\/elan-logo-360.jpg","width":360,"height":70,"caption":"ELAN - English Language Arts Network"},"image":{"@id":"https:\/\/www.quebec-elan.org\/en\/#\/schema\/logo\/image\/"}}]}},"_links":{"self":[{"href":"https:\/\/www.quebec-elan.org\/fr\/wp-json\/wp\/v2\/pages\/7587","targetHints":{"allow":["GET"]}}],"collection":[{"href":"https:\/\/www.quebec-elan.org\/fr\/wp-json\/wp\/v2\/pages"}],"about":[{"href":"https:\/\/www.quebec-elan.org\/fr\/wp-json\/wp\/v2\/types\/page"}],"author":[{"embeddable":true,"href":"https:\/\/www.quebec-elan.org\/fr\/wp-json\/wp\/v2\/users\/234"}],"replies":[{"embeddable":true,"href":"https:\/\/www.quebec-elan.org\/fr\/wp-json\/wp\/v2\/comments?post=7587"}],"version-history":[{"count":3,"href":"https:\/\/www.quebec-elan.org\/fr\/wp-json\/wp\/v2\/pages\/7587\/revisions"}],"predecessor-version":[{"id":11134,"href":"https:\/\/www.quebec-elan.org\/fr\/wp-json\/wp\/v2\/pages\/7587\/revisions\/11134"}],"wp:attachment":[{"href":"https:\/\/www.quebec-elan.org\/fr\/wp-json\/wp\/v2\/media?parent=7587"}],"curies":[{"name":"wp","href":"https:\/\/api.w.org\/{rel}","templated":true}]}}